{"id":14706,"date":"2025-01-17T09:54:12","date_gmt":"2025-01-17T09:54:12","guid":{"rendered":"https:\/\/promochaudiere.be\/produit\/bosch-ventilateur-87186443950\/"},"modified":"2026-02-03T18:15:40","modified_gmt":"2026-02-03T17:15:40","slug":"bosch-ventilateur-87186443950","status":"publish","type":"product","link":"https:\/\/promochaudiere.be\/nl\/product\/bosch-ventilateur-87186443950\/","title":{"rendered":"BOSCH VENTILATEUR 87186443950"},"content":{"rendered":"<p>Le ventilateur Bosch assure une ventilation optimale pour un fonctionnement fluide et performant de votre chaudi\u00e8re. Il garantit une circulation efficace de l\u2019air et des fum\u00e9es, am\u00e9liorant ainsi l\u2019efficacit\u00e9 \u00e9nerg\u00e9tique du syst\u00e8me. Con\u00e7u avec des mat\u00e9riaux de haute qualit\u00e9, il offre une grande r\u00e9sistance et une longue dur\u00e9e de vie. Facile \u00e0 installer, il s\u2019int\u00e8gre parfaitement aux \u00e9quipements Bosch.<\/p>","protected":false},"excerpt":{"rendered":"<p>BOSCH VENTILATEUR 87186443950<\/p>","protected":false},"featured_media":21677,"comment_status":"open","ping_status":"closed","template":"","meta":[],"product_brand":[],"product_cat":[9485,8840],"product_tag":[],"class_list":{"0":"post-14706","1":"product","2":"type-product","3":"status-publish","4":"has-post-thumbnail","6":"product_cat-pieces-detachees-bosch","7":"product_cat-test","8":"pa_marque-bosch","10":"first","11":"instock","12":"sale","13":"taxable","14":"shipping-taxable","15":"purchasable","16":"product-type-simple"},"aioseo_notices":[],"_links":{"self":[{"href":"https:\/\/promochaudiere.be\/nl\/wp-json\/wp\/v2\/product\/14706","targetHints":{"allow":["GET"]}}],"collection":[{"href":"https:\/\/promochaudiere.be\/nl\/wp-json\/wp\/v2\/product"}],"about":[{"href":"https:\/\/promochaudiere.be\/nl\/wp-json\/wp\/v2\/types\/product"}],"replies":[{"embeddable":true,"href":"https:\/\/promochaudiere.be\/nl\/wp-json\/wp\/v2\/comments?post=14706"}],"version-history":[{"count":1,"href":"https:\/\/promochaudiere.be\/nl\/wp-json\/wp\/v2\/product\/14706\/revisions"}],"predecessor-version":[{"id":45418,"href":"https:\/\/promochaudiere.be\/nl\/wp-json\/wp\/v2\/product\/14706\/revisions\/45418"}],"wp:featuredmedia":[{"embeddable":true,"href":"https:\/\/promochaudiere.be\/nl\/wp-json\/wp\/v2\/media\/21677"}],"wp:attachment":[{"href":"https:\/\/promochaudiere.be\/nl\/wp-json\/wp\/v2\/media?parent=14706"}],"wp:term":[{"taxonomy":"product_brand","embeddable":true,"href":"https:\/\/promochaudiere.be\/nl\/wp-json\/wp\/v2\/product_brand?post=14706"},{"taxonomy":"product_cat","embeddable":true,"href":"https:\/\/promochaudiere.be\/nl\/wp-json\/wp\/v2\/product_cat?post=14706"},{"taxonomy":"product_tag","embeddable":true,"href":"https:\/\/promochaudiere.be\/nl\/wp-json\/wp\/v2\/product_tag?post=14706"}],"curies":[{"name":"wp","href":"https:\/\/api.w.org\/{rel}","templated":true}]}}