{"id":14707,"date":"2025-01-17T09:54:12","date_gmt":"2025-01-17T09:54:12","guid":{"rendered":"https:\/\/promochaudiere.be\/produit\/junkers-echangeur-de-chaleur-a-plaques-87161082120\/"},"modified":"2026-02-03T18:15:40","modified_gmt":"2026-02-03T17:15:40","slug":"junkers-echangeur-de-chaleur-a-plaques-87161082120","status":"publish","type":"product","link":"https:\/\/promochaudiere.be\/product\/junkers-echangeur-de-chaleur-a-plaques-87161082120\/","title":{"rendered":"Junkers \u00e9changeur de chaleur \u00e0 plaques 87161082120"},"content":{"rendered":"<p>Cet \u00e9changeur de chaleur Junkers est con\u00e7u pour optimiser le transfert thermique entre les circuits de chauffage et d\u2019eau chaude sanitaire. Gr\u00e2ce \u00e0 sa conception \u00e0 plaques, il offre une efficacit\u00e9 maximale tout en minimisant les pertes d\u2019\u00e9nergie. Id\u00e9al pour une installation performante et \u00e9conome en \u00e9nergie.<\/p>","protected":false},"excerpt":{"rendered":"<p>Junkers \u00e9changeur de chaleur \u00e0 plaques 87161082120<\/p>","protected":false},"featured_media":21877,"comment_status":"open","ping_status":"closed","template":"","meta":[],"product_brand":[],"product_cat":[9485,8840],"product_tag":[],"class_list":{"0":"post-14707","1":"product","2":"type-product","3":"status-publish","4":"has-post-thumbnail","6":"product_cat-pieces-detachees-bosch","7":"product_cat-test","8":"pa_marque-junkers","10":"first","11":"instock","12":"sale","13":"taxable","14":"shipping-taxable","15":"purchasable","16":"product-type-simple"},"aioseo_notices":[],"_links":{"self":[{"href":"https:\/\/promochaudiere.be\/nl\/wp-json\/wp\/v2\/product\/14707","targetHints":{"allow":["GET"]}}],"collection":[{"href":"https:\/\/promochaudiere.be\/nl\/wp-json\/wp\/v2\/product"}],"about":[{"href":"https:\/\/promochaudiere.be\/nl\/wp-json\/wp\/v2\/types\/product"}],"replies":[{"embeddable":true,"href":"https:\/\/promochaudiere.be\/nl\/wp-json\/wp\/v2\/comments?post=14707"}],"version-history":[{"count":1,"href":"https:\/\/promochaudiere.be\/nl\/wp-json\/wp\/v2\/product\/14707\/revisions"}],"predecessor-version":[{"id":45419,"href":"https:\/\/promochaudiere.be\/nl\/wp-json\/wp\/v2\/product\/14707\/revisions\/45419"}],"wp:featuredmedia":[{"embeddable":true,"href":"https:\/\/promochaudiere.be\/nl\/wp-json\/wp\/v2\/media\/21877"}],"wp:attachment":[{"href":"https:\/\/promochaudiere.be\/nl\/wp-json\/wp\/v2\/media?parent=14707"}],"wp:term":[{"taxonomy":"product_brand","embeddable":true,"href":"https:\/\/promochaudiere.be\/nl\/wp-json\/wp\/v2\/product_brand?post=14707"},{"taxonomy":"product_cat","embeddable":true,"href":"https:\/\/promochaudiere.be\/nl\/wp-json\/wp\/v2\/product_cat?post=14707"},{"taxonomy":"product_tag","embeddable":true,"href":"https:\/\/promochaudiere.be\/nl\/wp-json\/wp\/v2\/product_tag?post=14707"}],"curies":[{"name":"wp","href":"https:\/\/api.w.org\/{rel}","templated":true}]}}