{"id":14708,"date":"2025-01-17T09:54:13","date_gmt":"2025-01-17T09:54:13","guid":{"rendered":"https:\/\/promochaudiere.be\/produit\/theben-thermostat-ram-784-piles-blanc-ram784\/"},"modified":"2026-02-03T19:40:01","modified_gmt":"2026-02-03T18:40:01","slug":"theben-thermostat-ram-784-piles-blanc-ram784","status":"publish","type":"product","link":"https:\/\/promochaudiere.be\/nl\/product\/theben-thermostat-ram-784-piles-blanc-ram784\/","title":{"rendered":"Theben Thermostat ram  784 (piles) blanc RAM784"},"content":{"rendered":"<p>Ce thermostat Theben RAM 784 fonctionne sur piles et assure un r\u00e9glage pr\u00e9cis de la temp\u00e9rature int\u00e9rieure. Son \u00e9cran clair facilite l\u2019utilisation. Facile \u00e0 poser, il garantit une r\u00e9gulation thermique optimale.<\/p>","protected":false},"excerpt":{"rendered":"<p>Theben Thermostat ram  784 (piles) blanc RAM784<\/p>","protected":false},"featured_media":22641,"comment_status":"open","ping_status":"closed","template":"","meta":[],"product_brand":[],"product_cat":[8840,5525],"product_tag":[],"class_list":{"0":"post-14708","1":"product","2":"type-product","3":"status-publish","4":"has-post-thumbnail","6":"product_cat-test","7":"product_cat-thermostat-theben","8":"pa_marque-theben","10":"first","11":"instock","12":"sale","13":"taxable","14":"shipping-taxable","15":"purchasable","16":"product-type-simple"},"aioseo_notices":[],"_links":{"self":[{"href":"https:\/\/promochaudiere.be\/nl\/wp-json\/wp\/v2\/product\/14708","targetHints":{"allow":["GET"]}}],"collection":[{"href":"https:\/\/promochaudiere.be\/nl\/wp-json\/wp\/v2\/product"}],"about":[{"href":"https:\/\/promochaudiere.be\/nl\/wp-json\/wp\/v2\/types\/product"}],"replies":[{"embeddable":true,"href":"https:\/\/promochaudiere.be\/nl\/wp-json\/wp\/v2\/comments?post=14708"}],"version-history":[{"count":1,"href":"https:\/\/promochaudiere.be\/nl\/wp-json\/wp\/v2\/product\/14708\/revisions"}],"predecessor-version":[{"id":52952,"href":"https:\/\/promochaudiere.be\/nl\/wp-json\/wp\/v2\/product\/14708\/revisions\/52952"}],"wp:featuredmedia":[{"embeddable":true,"href":"https:\/\/promochaudiere.be\/nl\/wp-json\/wp\/v2\/media\/22641"}],"wp:attachment":[{"href":"https:\/\/promochaudiere.be\/nl\/wp-json\/wp\/v2\/media?parent=14708"}],"wp:term":[{"taxonomy":"product_brand","embeddable":true,"href":"https:\/\/promochaudiere.be\/nl\/wp-json\/wp\/v2\/product_brand?post=14708"},{"taxonomy":"product_cat","embeddable":true,"href":"https:\/\/promochaudiere.be\/nl\/wp-json\/wp\/v2\/product_cat?post=14708"},{"taxonomy":"product_tag","embeddable":true,"href":"https:\/\/promochaudiere.be\/nl\/wp-json\/wp\/v2\/product_tag?post=14708"}],"curies":[{"name":"wp","href":"https:\/\/api.w.org\/{rel}","templated":true}]}}