{"id":14713,"date":"2025-01-17T09:54:15","date_gmt":"2025-01-17T09:54:15","guid":{"rendered":"https:\/\/promochaudiere.be\/produit\/theben-thermostat-ramses-722-220v-blanc-ram722\/"},"modified":"2026-02-03T19:40:01","modified_gmt":"2026-02-03T18:40:01","slug":"theben-thermostat-ramses-722-220v-blanc-ram722","status":"publish","type":"product","link":"https:\/\/promochaudiere.be\/product\/theben-thermostat-ramses-722-220v-blanc-ram722\/","title":{"rendered":"Theben thermostat Ramses 722  220V blanc RAM722"},"content":{"rendered":"<p>Ce thermostat Theben Ramses 722 est con\u00e7u pour assurer une r\u00e9gulation pr\u00e9cise de la temp\u00e9rature ambiante. Son alimentation en 220V garantit un fonctionnement stable. Id\u00e9al pour un confort constant.<\/p>","protected":false},"excerpt":{"rendered":"<p>Theben thermostat Ramses 722  220V blanc RAM722<\/p>","protected":false},"featured_media":22642,"comment_status":"open","ping_status":"closed","template":"","meta":[],"product_brand":[],"product_cat":[8840,5525],"product_tag":[],"class_list":{"0":"post-14713","1":"product","2":"type-product","3":"status-publish","4":"has-post-thumbnail","6":"product_cat-test","7":"product_cat-thermostat-theben","8":"pa_marque-theben","10":"first","11":"instock","12":"sale","13":"taxable","14":"shipping-taxable","15":"purchasable","16":"product-type-simple"},"aioseo_notices":[],"_links":{"self":[{"href":"https:\/\/promochaudiere.be\/nl\/wp-json\/wp\/v2\/product\/14713","targetHints":{"allow":["GET"]}}],"collection":[{"href":"https:\/\/promochaudiere.be\/nl\/wp-json\/wp\/v2\/product"}],"about":[{"href":"https:\/\/promochaudiere.be\/nl\/wp-json\/wp\/v2\/types\/product"}],"replies":[{"embeddable":true,"href":"https:\/\/promochaudiere.be\/nl\/wp-json\/wp\/v2\/comments?post=14713"}],"version-history":[{"count":1,"href":"https:\/\/promochaudiere.be\/nl\/wp-json\/wp\/v2\/product\/14713\/revisions"}],"predecessor-version":[{"id":52951,"href":"https:\/\/promochaudiere.be\/nl\/wp-json\/wp\/v2\/product\/14713\/revisions\/52951"}],"wp:featuredmedia":[{"embeddable":true,"href":"https:\/\/promochaudiere.be\/nl\/wp-json\/wp\/v2\/media\/22642"}],"wp:attachment":[{"href":"https:\/\/promochaudiere.be\/nl\/wp-json\/wp\/v2\/media?parent=14713"}],"wp:term":[{"taxonomy":"product_brand","embeddable":true,"href":"https:\/\/promochaudiere.be\/nl\/wp-json\/wp\/v2\/product_brand?post=14713"},{"taxonomy":"product_cat","embeddable":true,"href":"https:\/\/promochaudiere.be\/nl\/wp-json\/wp\/v2\/product_cat?post=14713"},{"taxonomy":"product_tag","embeddable":true,"href":"https:\/\/promochaudiere.be\/nl\/wp-json\/wp\/v2\/product_tag?post=14713"}],"curies":[{"name":"wp","href":"https:\/\/api.w.org\/{rel}","templated":true}]}}