{"id":14716,"date":"2025-01-17T09:54:16","date_gmt":"2025-01-17T09:54:16","guid":{"rendered":"https:\/\/promochaudiere.be\/produit\/duco-conduits-flexibles-ducoflex-d63-en-rouleau-de-50m-00004552\/"},"modified":"2026-02-03T18:15:31","modified_gmt":"2026-02-03T17:15:31","slug":"duco-conduits-flexibles-ducoflex-d63-en-rouleau-de-50m-00004552","status":"publish","type":"product","link":"https:\/\/promochaudiere.be\/nl\/product\/duco-conduits-flexibles-ducoflex-d63-en-rouleau-de-50m-00004552\/","title":{"rendered":"Duco CONDUITS FLEXIBLES DUCOFLEX D63 EN ROULEAU DE 50M 00004552"},"content":{"rendered":"<p>Ce conduit flexible assure une distribution optimale de l\u2019air dans les syst\u00e8mes de ventilation. Il garantit une \u00e9tanch\u00e9it\u00e9 parfaite et une installation facile. Son mat\u00e9riau r\u00e9sistant assure une durabilit\u00e9 et une flexibilit\u00e9 accrues. Id\u00e9al pour les espaces restreints, il s\u2019adapte facilement aux infrastructures existantes. Sa conception optimise le d\u00e9bit d\u2019air pour une efficacit\u00e9 maximale. Un choix parfait pour une installation de ventilation performante.<\/p>","protected":false},"excerpt":{"rendered":"<p>Duco CONDUITS FLEXIBLES DUCOFLEX D63 EN ROULEAU DE 50M 00004552<\/p>","protected":false},"featured_media":22135,"comment_status":"open","ping_status":"closed","template":"","meta":[],"product_brand":[],"product_cat":[10933,8840],"product_tag":[],"class_list":{"0":"post-14716","1":"product","2":"type-product","3":"status-publish","4":"has-post-thumbnail","6":"product_cat-canal-duco","7":"product_cat-test","8":"pa_marque-duco","10":"first","11":"instock","12":"sale","13":"taxable","14":"shipping-taxable","15":"purchasable","16":"product-type-simple"},"aioseo_notices":[],"_links":{"self":[{"href":"https:\/\/promochaudiere.be\/nl\/wp-json\/wp\/v2\/product\/14716","targetHints":{"allow":["GET"]}}],"collection":[{"href":"https:\/\/promochaudiere.be\/nl\/wp-json\/wp\/v2\/product"}],"about":[{"href":"https:\/\/promochaudiere.be\/nl\/wp-json\/wp\/v2\/types\/product"}],"replies":[{"embeddable":true,"href":"https:\/\/promochaudiere.be\/nl\/wp-json\/wp\/v2\/comments?post=14716"}],"version-history":[{"count":1,"href":"https:\/\/promochaudiere.be\/nl\/wp-json\/wp\/v2\/product\/14716\/revisions"}],"predecessor-version":[{"id":45411,"href":"https:\/\/promochaudiere.be\/nl\/wp-json\/wp\/v2\/product\/14716\/revisions\/45411"}],"wp:featuredmedia":[{"embeddable":true,"href":"https:\/\/promochaudiere.be\/nl\/wp-json\/wp\/v2\/media\/22135"}],"wp:attachment":[{"href":"https:\/\/promochaudiere.be\/nl\/wp-json\/wp\/v2\/media?parent=14716"}],"wp:term":[{"taxonomy":"product_brand","embeddable":true,"href":"https:\/\/promochaudiere.be\/nl\/wp-json\/wp\/v2\/product_brand?post=14716"},{"taxonomy":"product_cat","embeddable":true,"href":"https:\/\/promochaudiere.be\/nl\/wp-json\/wp\/v2\/product_cat?post=14716"},{"taxonomy":"product_tag","embeddable":true,"href":"https:\/\/promochaudiere.be\/nl\/wp-json\/wp\/v2\/product_tag?post=14716"}],"curies":[{"name":"wp","href":"https:\/\/api.w.org\/{rel}","templated":true}]}}