{"id":14721,"date":"2025-01-17T09:54:18","date_gmt":"2025-01-17T09:54:18","guid":{"rendered":"https:\/\/promochaudiere.be\/produit\/reflex-vase-d%c2%92expansion-pneumatex-sd-50-3-50-l-7101005\/"},"modified":"2026-02-03T19:40:02","modified_gmt":"2026-02-03T18:40:02","slug":"reflex-vase-d%c2%92expansion-pneumatex-sd-50-3-50-l-7101005","status":"publish","type":"product","link":"https:\/\/promochaudiere.be\/nl\/product\/reflex-vase-d%c2%92expansion-pneumatex-sd-50-3-50-l-7101005\/","title":{"rendered":"Reflex vase d\u0092expansion pneumatex  sd 50.3-50 l 7101005"},"content":{"rendered":"<p>Le vase d\u2019expansion Reflex Pneumatex SD 50.3 assure une r\u00e9gulation efficace de la pression dans les circuits de chauffage. D\u2019une capacit\u00e9 de 50 litres, il pr\u00e9vient les risques de surpression et prot\u00e8ge les \u00e9quipements. Sa conception robuste et sa membrane r\u00e9sistante garantissent une longue dur\u00e9e de vie.<\/p>","protected":false},"excerpt":{"rendered":"<p>Reflex vase d&rsquo;expansion pneumatex sd 50.3-50 l 7101005<\/p>","protected":false},"featured_media":22032,"comment_status":"open","ping_status":"closed","template":"","meta":[],"product_brand":[],"product_cat":[8840,11001],"product_tag":[],"class_list":{"0":"post-14721","1":"product","2":"type-product","3":"status-publish","4":"has-post-thumbnail","6":"product_cat-test","7":"product_cat-vase-dexpansion-chauffage","8":"pa_marque-reflex","10":"first","11":"instock","12":"sale","13":"taxable","14":"shipping-taxable","15":"purchasable","16":"product-type-simple"},"aioseo_notices":[],"_links":{"self":[{"href":"https:\/\/promochaudiere.be\/nl\/wp-json\/wp\/v2\/product\/14721","targetHints":{"allow":["GET"]}}],"collection":[{"href":"https:\/\/promochaudiere.be\/nl\/wp-json\/wp\/v2\/product"}],"about":[{"href":"https:\/\/promochaudiere.be\/nl\/wp-json\/wp\/v2\/types\/product"}],"replies":[{"embeddable":true,"href":"https:\/\/promochaudiere.be\/nl\/wp-json\/wp\/v2\/comments?post=14721"}],"version-history":[{"count":1,"href":"https:\/\/promochaudiere.be\/nl\/wp-json\/wp\/v2\/product\/14721\/revisions"}],"predecessor-version":[{"id":45407,"href":"https:\/\/promochaudiere.be\/nl\/wp-json\/wp\/v2\/product\/14721\/revisions\/45407"}],"wp:featuredmedia":[{"embeddable":true,"href":"https:\/\/promochaudiere.be\/nl\/wp-json\/wp\/v2\/media\/22032"}],"wp:attachment":[{"href":"https:\/\/promochaudiere.be\/nl\/wp-json\/wp\/v2\/media?parent=14721"}],"wp:term":[{"taxonomy":"product_brand","embeddable":true,"href":"https:\/\/promochaudiere.be\/nl\/wp-json\/wp\/v2\/product_brand?post=14721"},{"taxonomy":"product_cat","embeddable":true,"href":"https:\/\/promochaudiere.be\/nl\/wp-json\/wp\/v2\/product_cat?post=14721"},{"taxonomy":"product_tag","embeddable":true,"href":"https:\/\/promochaudiere.be\/nl\/wp-json\/wp\/v2\/product_tag?post=14721"}],"curies":[{"name":"wp","href":"https:\/\/api.w.org\/{rel}","templated":true}]}}