{"id":14722,"date":"2025-01-17T09:54:19","date_gmt":"2025-01-17T09:54:19","guid":{"rendered":"https:\/\/promochaudiere.be\/produit\/bulex-mecanisme-gaz-sr-8-mm-0020124874\/"},"modified":"2026-02-03T18:15:55","modified_gmt":"2026-02-03T17:15:55","slug":"bulex-mecanisme-gaz-sr-8-mm-0020124874","status":"publish","type":"product","link":"https:\/\/promochaudiere.be\/nl\/product\/bulex-mecanisme-gaz-sr-8-mm-0020124874\/","title":{"rendered":"Bulex M\u00e9canisme gaz, SR 8 mm 0020124874"},"content":{"rendered":"<p>Ce m\u00e9canisme gaz Bulex garantit une combustion stable et efficace. Il optimise la consommation \u00e9nerg\u00e9tique tout en r\u00e9duisant les \u00e9missions polluantes. Con\u00e7u pour une installation facile, il s\u2019int\u00e8gre parfaitement aux chaudi\u00e8res compatibles. Un \u00e9l\u00e9ment cl\u00e9 pour assurer un chauffage performant et s\u00e9curis\u00e9.<\/p>","protected":false},"excerpt":{"rendered":"<p>Bulex M\u00e9canisme gaz, SR 8 mm 0020124874<\/p>","protected":false},"featured_media":21769,"comment_status":"open","ping_status":"closed","template":"","meta":[],"product_brand":[],"product_cat":[9507,8840],"product_tag":[],"class_list":{"0":"post-14722","1":"product","2":"type-product","3":"status-publish","4":"has-post-thumbnail","6":"product_cat-pieces-detachees-bulex","7":"product_cat-test","8":"pa_marque-bulex","10":"first","11":"instock","12":"sale","13":"taxable","14":"shipping-taxable","15":"purchasable","16":"product-type-simple"},"aioseo_notices":[],"_links":{"self":[{"href":"https:\/\/promochaudiere.be\/nl\/wp-json\/wp\/v2\/product\/14722","targetHints":{"allow":["GET"]}}],"collection":[{"href":"https:\/\/promochaudiere.be\/nl\/wp-json\/wp\/v2\/product"}],"about":[{"href":"https:\/\/promochaudiere.be\/nl\/wp-json\/wp\/v2\/types\/product"}],"replies":[{"embeddable":true,"href":"https:\/\/promochaudiere.be\/nl\/wp-json\/wp\/v2\/comments?post=14722"}],"version-history":[{"count":1,"href":"https:\/\/promochaudiere.be\/nl\/wp-json\/wp\/v2\/product\/14722\/revisions"}],"predecessor-version":[{"id":45403,"href":"https:\/\/promochaudiere.be\/nl\/wp-json\/wp\/v2\/product\/14722\/revisions\/45403"}],"wp:featuredmedia":[{"embeddable":true,"href":"https:\/\/promochaudiere.be\/nl\/wp-json\/wp\/v2\/media\/21769"}],"wp:attachment":[{"href":"https:\/\/promochaudiere.be\/nl\/wp-json\/wp\/v2\/media?parent=14722"}],"wp:term":[{"taxonomy":"product_brand","embeddable":true,"href":"https:\/\/promochaudiere.be\/nl\/wp-json\/wp\/v2\/product_brand?post=14722"},{"taxonomy":"product_cat","embeddable":true,"href":"https:\/\/promochaudiere.be\/nl\/wp-json\/wp\/v2\/product_cat?post=14722"},{"taxonomy":"product_tag","embeddable":true,"href":"https:\/\/promochaudiere.be\/nl\/wp-json\/wp\/v2\/product_tag?post=14722"}],"curies":[{"name":"wp","href":"https:\/\/api.w.org\/{rel}","templated":true}]}}