{"id":14723,"date":"2025-01-17T09:54:19","date_gmt":"2025-01-17T09:54:19","guid":{"rendered":"https:\/\/promochaudiere.be\/produit\/bulex-mecanisme-gaz-g20-thematek-themaclassic-s1071400\/"},"modified":"2026-02-03T18:16:09","modified_gmt":"2026-02-03T17:16:09","slug":"bulex-mecanisme-gaz-g20-thematek-themaclassic-s1071400","status":"publish","type":"product","link":"https:\/\/promochaudiere.be\/nl\/product\/bulex-mecanisme-gaz-g20-thematek-themaclassic-s1071400\/","title":{"rendered":"Bulex m\u00e9canisme gaz G20 Thematek + Themaclassic  S1071400"},"content":{"rendered":"<p>Ce m\u00e9canisme gaz Bulex est compatible avec les mod\u00e8les Thematek et Themaclassic fonctionnant au gaz G20. Il permet une combustion efficace et une r\u00e9gulation pr\u00e9cise du d\u00e9bit de gaz. Son installation rapide simplifie l\u2019entretien des chaudi\u00e8res. Fabriqu\u00e9 en mat\u00e9riaux robustes, il garantit une longue dur\u00e9e de vie. Un \u00e9l\u00e9ment essentiel pour un chauffage fiable et performant.<\/p>","protected":false},"excerpt":{"rendered":"<p>Bulex m\u00e9canisme gaz G20 Thematek + Themaclassic  S1071400<\/p>","protected":false},"featured_media":21768,"comment_status":"open","ping_status":"closed","template":"","meta":[],"product_brand":[],"product_cat":[9507,8840],"product_tag":[],"class_list":{"0":"post-14723","1":"product","2":"type-product","3":"status-publish","4":"has-post-thumbnail","6":"product_cat-pieces-detachees-bulex","7":"product_cat-test","8":"pa_marque-bulex","10":"first","11":"instock","12":"sale","13":"taxable","14":"shipping-taxable","15":"purchasable","16":"product-type-simple"},"aioseo_notices":[],"_links":{"self":[{"href":"https:\/\/promochaudiere.be\/nl\/wp-json\/wp\/v2\/product\/14723","targetHints":{"allow":["GET"]}}],"collection":[{"href":"https:\/\/promochaudiere.be\/nl\/wp-json\/wp\/v2\/product"}],"about":[{"href":"https:\/\/promochaudiere.be\/nl\/wp-json\/wp\/v2\/types\/product"}],"replies":[{"embeddable":true,"href":"https:\/\/promochaudiere.be\/nl\/wp-json\/wp\/v2\/comments?post=14723"}],"version-history":[{"count":1,"href":"https:\/\/promochaudiere.be\/nl\/wp-json\/wp\/v2\/product\/14723\/revisions"}],"predecessor-version":[{"id":45404,"href":"https:\/\/promochaudiere.be\/nl\/wp-json\/wp\/v2\/product\/14723\/revisions\/45404"}],"wp:featuredmedia":[{"embeddable":true,"href":"https:\/\/promochaudiere.be\/nl\/wp-json\/wp\/v2\/media\/21768"}],"wp:attachment":[{"href":"https:\/\/promochaudiere.be\/nl\/wp-json\/wp\/v2\/media?parent=14723"}],"wp:term":[{"taxonomy":"product_brand","embeddable":true,"href":"https:\/\/promochaudiere.be\/nl\/wp-json\/wp\/v2\/product_brand?post=14723"},{"taxonomy":"product_cat","embeddable":true,"href":"https:\/\/promochaudiere.be\/nl\/wp-json\/wp\/v2\/product_cat?post=14723"},{"taxonomy":"product_tag","embeddable":true,"href":"https:\/\/promochaudiere.be\/nl\/wp-json\/wp\/v2\/product_tag?post=14723"}],"curies":[{"name":"wp","href":"https:\/\/api.w.org\/{rel}","templated":true}]}}