{"id":14726,"date":"2025-01-17T09:54:20","date_gmt":"2025-01-17T09:54:20","guid":{"rendered":"https:\/\/promochaudiere.be\/produit\/rouleau-alusol-8-10-50-m-0701210\/"},"modified":"2026-02-03T18:16:08","modified_gmt":"2026-02-03T17:16:08","slug":"rouleau-alusol-8-10-50-m-0701210","status":"publish","type":"product","link":"https:\/\/promochaudiere.be\/nl\/product\/rouleau-alusol-8-10-50-m-0701210\/","title":{"rendered":"Rouleau Alusol 8\/10 50 m 0701210"},"content":{"rendered":"<p>Ce rouleau Alusol est con\u00e7u pour offrir une isolation thermique efficace. Son \u00e9paisseur de 8\/10 assure une protection optimale contre les variations de temp\u00e9rature. Facile \u00e0 poser, il convient aux installations de chauffage et de ventilation. Sa composition en aluminium garantit une excellente r\u00e9sistance aux conditions climatiques. Un accessoire indispensable pour am\u00e9liorer l\u2019efficacit\u00e9 \u00e9nerg\u00e9tique des syst\u00e8mes.<\/p>","protected":false},"excerpt":{"rendered":"<p>Rouleau Alusol 8\/10 50 m 0701210<\/p>","protected":false},"featured_media":21829,"comment_status":"open","ping_status":"closed","template":"","meta":[],"product_brand":[],"product_cat":[5515,8840],"product_tag":[],"class_list":{"0":"post-14726","1":"product","2":"type-product","3":"status-publish","4":"has-post-thumbnail","6":"product_cat-accessoires-fioul","7":"product_cat-test","9":"first","10":"instock","11":"sale","12":"taxable","13":"shipping-taxable","14":"purchasable","15":"product-type-simple"},"aioseo_notices":[],"_links":{"self":[{"href":"https:\/\/promochaudiere.be\/nl\/wp-json\/wp\/v2\/product\/14726","targetHints":{"allow":["GET"]}}],"collection":[{"href":"https:\/\/promochaudiere.be\/nl\/wp-json\/wp\/v2\/product"}],"about":[{"href":"https:\/\/promochaudiere.be\/nl\/wp-json\/wp\/v2\/types\/product"}],"replies":[{"embeddable":true,"href":"https:\/\/promochaudiere.be\/nl\/wp-json\/wp\/v2\/comments?post=14726"}],"version-history":[{"count":1,"href":"https:\/\/promochaudiere.be\/nl\/wp-json\/wp\/v2\/product\/14726\/revisions"}],"predecessor-version":[{"id":52949,"href":"https:\/\/promochaudiere.be\/nl\/wp-json\/wp\/v2\/product\/14726\/revisions\/52949"}],"wp:featuredmedia":[{"embeddable":true,"href":"https:\/\/promochaudiere.be\/nl\/wp-json\/wp\/v2\/media\/21829"}],"wp:attachment":[{"href":"https:\/\/promochaudiere.be\/nl\/wp-json\/wp\/v2\/media?parent=14726"}],"wp:term":[{"taxonomy":"product_brand","embeddable":true,"href":"https:\/\/promochaudiere.be\/nl\/wp-json\/wp\/v2\/product_brand?post=14726"},{"taxonomy":"product_cat","embeddable":true,"href":"https:\/\/promochaudiere.be\/nl\/wp-json\/wp\/v2\/product_cat?post=14726"},{"taxonomy":"product_tag","embeddable":true,"href":"https:\/\/promochaudiere.be\/nl\/wp-json\/wp\/v2\/product_tag?post=14726"}],"curies":[{"name":"wp","href":"https:\/\/api.w.org\/{rel}","templated":true}]}}