{"id":14733,"date":"2025-01-17T09:54:23","date_gmt":"2025-01-17T09:54:23","guid":{"rendered":"https:\/\/promochaudiere.be\/produit\/duco-clapet-de-reglage-dhumidite-co2-00004644\/"},"modified":"2026-02-03T18:15:41","modified_gmt":"2026-02-03T17:15:41","slug":"duco-clapet-de-reglage-dhumidite-co2-00004644","status":"publish","type":"product","link":"https:\/\/promochaudiere.be\/nl\/product\/duco-clapet-de-reglage-dhumidite-co2-00004644\/","title":{"rendered":"DUCO CLAPET DE REGLAGE D&rsquo;HUMIDITE\/CO2 00004644"},"content":{"rendered":"<p>Ce clapet de r\u00e9glage Duco assure un contr\u00f4le automatique du d\u00e9bit d\u2019air en fonction du taux de CO2 et de l\u2019humidit\u00e9 ambiante. Il optimise la ventilation pour am\u00e9liorer la qualit\u00e9 de l\u2019air int\u00e9rieur tout en r\u00e9duisant la consommation \u00e9nerg\u00e9tique. Compatible avec les syst\u00e8mes Duco, il garantit une r\u00e9gulation pr\u00e9cise et efficace. Son installation simple permet une int\u00e9gration rapide aux \u00e9quipements existants. Gr\u00e2ce \u00e0 son fonctionnement intelligent, il s\u2019adapte aux besoins r\u00e9els en ajustant le flux d\u2019air en continu. Un \u00e9l\u00e9ment indispensable pour une ventilation performante.<\/p>","protected":false},"excerpt":{"rendered":"<p>DUCO CLAPET DE REGLAGE D&rsquo;HUMIDITE\/CO2 00004644<\/p>","protected":false},"featured_media":22113,"comment_status":"open","ping_status":"closed","template":"","meta":[],"product_brand":[],"product_cat":[10943,8840],"product_tag":[],"class_list":{"0":"post-14733","1":"product","2":"type-product","3":"status-publish","4":"has-post-thumbnail","6":"product_cat-accessoires-duco","7":"product_cat-test","8":"pa_marque-duco","10":"first","11":"instock","12":"sale","13":"taxable","14":"shipping-taxable","15":"purchasable","16":"product-type-simple"},"aioseo_notices":[],"_links":{"self":[{"href":"https:\/\/promochaudiere.be\/nl\/wp-json\/wp\/v2\/product\/14733","targetHints":{"allow":["GET"]}}],"collection":[{"href":"https:\/\/promochaudiere.be\/nl\/wp-json\/wp\/v2\/product"}],"about":[{"href":"https:\/\/promochaudiere.be\/nl\/wp-json\/wp\/v2\/types\/product"}],"replies":[{"embeddable":true,"href":"https:\/\/promochaudiere.be\/nl\/wp-json\/wp\/v2\/comments?post=14733"}],"version-history":[{"count":1,"href":"https:\/\/promochaudiere.be\/nl\/wp-json\/wp\/v2\/product\/14733\/revisions"}],"predecessor-version":[{"id":45396,"href":"https:\/\/promochaudiere.be\/nl\/wp-json\/wp\/v2\/product\/14733\/revisions\/45396"}],"wp:featuredmedia":[{"embeddable":true,"href":"https:\/\/promochaudiere.be\/nl\/wp-json\/wp\/v2\/media\/22113"}],"wp:attachment":[{"href":"https:\/\/promochaudiere.be\/nl\/wp-json\/wp\/v2\/media?parent=14733"}],"wp:term":[{"taxonomy":"product_brand","embeddable":true,"href":"https:\/\/promochaudiere.be\/nl\/wp-json\/wp\/v2\/product_brand?post=14733"},{"taxonomy":"product_cat","embeddable":true,"href":"https:\/\/promochaudiere.be\/nl\/wp-json\/wp\/v2\/product_cat?post=14733"},{"taxonomy":"product_tag","embeddable":true,"href":"https:\/\/promochaudiere.be\/nl\/wp-json\/wp\/v2\/product_tag?post=14733"}],"curies":[{"name":"wp","href":"https:\/\/api.w.org\/{rel}","templated":true}]}}