{"id":14735,"date":"2025-01-17T09:54:23","date_gmt":"2025-01-17T09:54:23","guid":{"rendered":"https:\/\/promochaudiere.be\/produit\/vaillant-pompe-vuw-max-24-28-161111\/"},"modified":"2026-02-03T18:15:41","modified_gmt":"2026-02-03T17:15:41","slug":"vaillant-pompe-vuw-max-24-28-161111","status":"publish","type":"product","link":"https:\/\/promochaudiere.be\/nl\/product\/vaillant-pompe-vuw-max-24-28-161111\/","title":{"rendered":"Vaillant pompe VUW max 24-28 161111"},"content":{"rendered":"<p>Cette pompe Vaillant est sp\u00e9cialement con\u00e7ue pour les mod\u00e8les VUW Max 24-28. Elle assure une circulation fluide et efficace de l\u2019eau chaude. Son moteur performant garantit une faible consommation \u00e9nerg\u00e9tique. Facile \u00e0 poser, elle assure une r\u00e9gulation optimale du chauffage. Id\u00e9ale pour am\u00e9liorer la dur\u00e9e de vie des installations. Un accessoire indispensable pour un fonctionnement optimal du circuit hydraulique.<\/p>","protected":false},"excerpt":{"rendered":"<p>Vaillant pompe VUW max 24-28 161111<\/p>","protected":false},"featured_media":22522,"comment_status":"open","ping_status":"closed","template":"","meta":[],"product_brand":[],"product_cat":[8917,8840],"product_tag":[],"class_list":{"0":"post-14735","1":"product","2":"type-product","3":"status-publish","4":"has-post-thumbnail","6":"product_cat-pieces-detachees-vaillant","7":"product_cat-test","8":"pa_marque-vaillant","10":"first","11":"instock","12":"sale","13":"taxable","14":"shipping-taxable","15":"purchasable","16":"product-type-simple"},"aioseo_notices":[],"_links":{"self":[{"href":"https:\/\/promochaudiere.be\/nl\/wp-json\/wp\/v2\/product\/14735","targetHints":{"allow":["GET"]}}],"collection":[{"href":"https:\/\/promochaudiere.be\/nl\/wp-json\/wp\/v2\/product"}],"about":[{"href":"https:\/\/promochaudiere.be\/nl\/wp-json\/wp\/v2\/types\/product"}],"replies":[{"embeddable":true,"href":"https:\/\/promochaudiere.be\/nl\/wp-json\/wp\/v2\/comments?post=14735"}],"version-history":[{"count":1,"href":"https:\/\/promochaudiere.be\/nl\/wp-json\/wp\/v2\/product\/14735\/revisions"}],"predecessor-version":[{"id":52947,"href":"https:\/\/promochaudiere.be\/nl\/wp-json\/wp\/v2\/product\/14735\/revisions\/52947"}],"wp:featuredmedia":[{"embeddable":true,"href":"https:\/\/promochaudiere.be\/nl\/wp-json\/wp\/v2\/media\/22522"}],"wp:attachment":[{"href":"https:\/\/promochaudiere.be\/nl\/wp-json\/wp\/v2\/media?parent=14735"}],"wp:term":[{"taxonomy":"product_brand","embeddable":true,"href":"https:\/\/promochaudiere.be\/nl\/wp-json\/wp\/v2\/product_brand?post=14735"},{"taxonomy":"product_cat","embeddable":true,"href":"https:\/\/promochaudiere.be\/nl\/wp-json\/wp\/v2\/product_cat?post=14735"},{"taxonomy":"product_tag","embeddable":true,"href":"https:\/\/promochaudiere.be\/nl\/wp-json\/wp\/v2\/product_tag?post=14735"}],"curies":[{"name":"wp","href":"https:\/\/api.w.org\/{rel}","templated":true}]}}