{"id":14737,"date":"2025-01-17T09:54:24","date_gmt":"2025-01-17T09:54:24","guid":{"rendered":"https:\/\/promochaudiere.be\/produit\/d-radiateur-salle-de-bain-heda-2-0-37-600-1820-1003w-mm-wit-ral-9016-klc18200600m10d\/"},"modified":"2026-02-03T18:15:41","modified_gmt":"2026-02-03T17:15:41","slug":"d-radiateur-salle-de-bain-heda-2-0-37-600-1820-1003w-mm-blanc-ral-9016-klc18200600m10d","status":"publish","type":"product","link":"https:\/\/promochaudiere.be\/nl\/product\/d-radiateur-salle-de-bain-heda-2-0-37-600-1820-1003w-mm-blanc-ral-9016-klc18200600m10d\/","title":{"rendered":"D-radiateur salle de bain Heda 2.0 37\/600\/1820 1003W MM blanc RAL 9016 KLC18200600M10D"},"content":{"rendered":"<p>Le D-Radiateur Salle de Bain Heda est un radiateur design et fonctionnel sp\u00e9cialement con\u00e7u pour r\u00e9pondre aux besoins des espaces humides comme la salle de bain. Avec sa forme \u00e9pur\u00e9e et moderne, il se distingue par ses lignes sobres qui s&rsquo;int\u00e8grent facilement dans tous types de d\u00e9corations. Ce mod\u00e8le est particuli\u00e8rement efficace pour chauffer la pi\u00e8ce et s\u00e9cher les serviettes gr\u00e2ce \u00e0 sa technologie de chauffe rapide et homog\u00e8ne. Il est con\u00e7u pour r\u00e9sister aux conditions d&rsquo;humidit\u00e9 et est \u00e9quip\u00e9 de mat\u00e9riaux de qualit\u00e9 sup\u00e9rieure, garantissant une longue dur\u00e9e de vie.<\/p>","protected":false},"excerpt":{"rendered":"<p>D-radiateur salle de bain Heda 2.0 37\/600\/1820 1003W MM blanc RAL 9016 KLC18200600M10D<\/p>","protected":false},"featured_media":20862,"comment_status":"open","ping_status":"closed","template":"","meta":[],"product_brand":[],"product_cat":[572],"product_tag":[],"class_list":{"0":"post-14737","1":"product","2":"type-product","3":"status-publish","4":"has-post-thumbnail","6":"product_cat-seche-serviette","8":"first","9":"instock","10":"sale","11":"taxable","12":"shipping-taxable","13":"purchasable","14":"product-type-simple"},"aioseo_notices":[],"_links":{"self":[{"href":"https:\/\/promochaudiere.be\/nl\/wp-json\/wp\/v2\/product\/14737","targetHints":{"allow":["GET"]}}],"collection":[{"href":"https:\/\/promochaudiere.be\/nl\/wp-json\/wp\/v2\/product"}],"about":[{"href":"https:\/\/promochaudiere.be\/nl\/wp-json\/wp\/v2\/types\/product"}],"replies":[{"embeddable":true,"href":"https:\/\/promochaudiere.be\/nl\/wp-json\/wp\/v2\/comments?post=14737"}],"version-history":[{"count":2,"href":"https:\/\/promochaudiere.be\/nl\/wp-json\/wp\/v2\/product\/14737\/revisions"}],"predecessor-version":[{"id":52946,"href":"https:\/\/promochaudiere.be\/nl\/wp-json\/wp\/v2\/product\/14737\/revisions\/52946"}],"wp:featuredmedia":[{"embeddable":true,"href":"https:\/\/promochaudiere.be\/nl\/wp-json\/wp\/v2\/media\/20862"}],"wp:attachment":[{"href":"https:\/\/promochaudiere.be\/nl\/wp-json\/wp\/v2\/media?parent=14737"}],"wp:term":[{"taxonomy":"product_brand","embeddable":true,"href":"https:\/\/promochaudiere.be\/nl\/wp-json\/wp\/v2\/product_brand?post=14737"},{"taxonomy":"product_cat","embeddable":true,"href":"https:\/\/promochaudiere.be\/nl\/wp-json\/wp\/v2\/product_cat?post=14737"},{"taxonomy":"product_tag","embeddable":true,"href":"https:\/\/promochaudiere.be\/nl\/wp-json\/wp\/v2\/product_tag?post=14737"}],"curies":[{"name":"wp","href":"https:\/\/api.w.org\/{rel}","templated":true}]}}