{"id":14740,"date":"2025-01-17T09:54:25","date_gmt":"2025-01-17T09:54:25","guid":{"rendered":"https:\/\/promochaudiere.be\/produit\/grundfos-alpha-reader-98916967\/"},"modified":"2026-02-03T18:15:50","modified_gmt":"2026-02-03T17:15:50","slug":"grundfos-alpha-reader-98916967","status":"publish","type":"product","link":"https:\/\/promochaudiere.be\/nl\/product\/grundfos-alpha-reader-98916967\/","title":{"rendered":"GRUNDFOS ALPHA READER 98916967"},"content":{"rendered":"<p>Le Grundfos Alpha Reader est un outil innovant permettant de surveiller et d\u2019optimiser les performances des circulateurs de chauffage. Il fournit des donn\u00e9es en temps r\u00e9el sur la consommation \u00e9nerg\u00e9tique et le d\u00e9bit, facilitant ainsi l\u2019entretien et le diagnostic des installations. Facile \u00e0 utiliser et compatible avec les circulateurs Grundfos, il assure une gestion efficace du chauffage. Un accessoire indispensable pour optimiser l\u2019efficacit\u00e9 \u00e9nerg\u00e9tique et r\u00e9duire les co\u00fbts de fonctionnement.<\/p>","protected":false},"excerpt":{"rendered":"<p>GRUNDFOS ALPHA READER 98916967<\/p>","protected":false},"featured_media":21600,"comment_status":"open","ping_status":"closed","template":"","meta":[],"product_brand":[],"product_cat":[660,8840],"product_tag":[],"class_list":{"0":"post-14740","1":"product","2":"type-product","3":"status-publish","4":"has-post-thumbnail","6":"product_cat-circulateur","7":"product_cat-test","8":"pa_marque-grundfos","10":"first","11":"instock","12":"sale","13":"taxable","14":"shipping-taxable","15":"purchasable","16":"product-type-simple"},"aioseo_notices":[],"_links":{"self":[{"href":"https:\/\/promochaudiere.be\/nl\/wp-json\/wp\/v2\/product\/14740","targetHints":{"allow":["GET"]}}],"collection":[{"href":"https:\/\/promochaudiere.be\/nl\/wp-json\/wp\/v2\/product"}],"about":[{"href":"https:\/\/promochaudiere.be\/nl\/wp-json\/wp\/v2\/types\/product"}],"replies":[{"embeddable":true,"href":"https:\/\/promochaudiere.be\/nl\/wp-json\/wp\/v2\/comments?post=14740"}],"version-history":[{"count":1,"href":"https:\/\/promochaudiere.be\/nl\/wp-json\/wp\/v2\/product\/14740\/revisions"}],"predecessor-version":[{"id":45394,"href":"https:\/\/promochaudiere.be\/nl\/wp-json\/wp\/v2\/product\/14740\/revisions\/45394"}],"wp:featuredmedia":[{"embeddable":true,"href":"https:\/\/promochaudiere.be\/nl\/wp-json\/wp\/v2\/media\/21600"}],"wp:attachment":[{"href":"https:\/\/promochaudiere.be\/nl\/wp-json\/wp\/v2\/media?parent=14740"}],"wp:term":[{"taxonomy":"product_brand","embeddable":true,"href":"https:\/\/promochaudiere.be\/nl\/wp-json\/wp\/v2\/product_brand?post=14740"},{"taxonomy":"product_cat","embeddable":true,"href":"https:\/\/promochaudiere.be\/nl\/wp-json\/wp\/v2\/product_cat?post=14740"},{"taxonomy":"product_tag","embeddable":true,"href":"https:\/\/promochaudiere.be\/nl\/wp-json\/wp\/v2\/product_tag?post=14740"}],"curies":[{"name":"wp","href":"https:\/\/api.w.org\/{rel}","templated":true}]}}