{"id":14742,"date":"2025-01-17T09:54:26","date_gmt":"2025-01-17T09:54:26","guid":{"rendered":"https:\/\/promochaudiere.be\/produit\/separateur-dair-rv2-spirovent-universel-5-4-ua125w\/"},"modified":"2026-02-03T19:40:01","modified_gmt":"2026-02-03T18:40:01","slug":"separateur-dair-rv2-spirovent-universel-5-4-ua125w","status":"publish","type":"product","link":"https:\/\/promochaudiere.be\/product\/separateur-dair-rv2-spirovent-universel-5-4-ua125w\/","title":{"rendered":"SEPARATEUR D&rsquo;AIR RV2 SPIROVENT UNIVERSEL 5\/4&Prime; UA125W"},"content":{"rendered":"<p>Ce s\u00e9parateur d\u2019air Spirovent RV2 \u00e9limine efficacement l\u2019air contenu dans les circuits hydrauliques, r\u00e9duisant ainsi les bruits et optimisant le fonctionnement des syst\u00e8mes. Son raccord 5\/4&Prime; permet une installation rapide et universelle. Fabriqu\u00e9 en mat\u00e9riau r\u00e9sistant, il assure une grande long\u00e9vit\u00e9. Id\u00e9al pour les installations n\u00e9cessitant une purge d\u2019air continue. Un \u00e9l\u00e9ment essentiel pour une performance thermique optimale.<\/p>","protected":false},"excerpt":{"rendered":"<p>SEPARATEUR D&rsquo;AIR RV2 SPIROVENT UNIVERSEL 5\/4&Prime; UA125W<\/p>","protected":false},"featured_media":22472,"comment_status":"open","ping_status":"closed","template":"","meta":[],"product_brand":[],"product_cat":[5527,8840],"product_tag":[],"class_list":{"0":"post-14742","1":"product","2":"type-product","3":"status-publish","4":"has-post-thumbnail","6":"product_cat-separation-dair-et-de-boues","7":"product_cat-test","9":"first","10":"instock","11":"sale","12":"taxable","13":"shipping-taxable","14":"purchasable","15":"product-type-simple"},"aioseo_notices":[],"_links":{"self":[{"href":"https:\/\/promochaudiere.be\/nl\/wp-json\/wp\/v2\/product\/14742","targetHints":{"allow":["GET"]}}],"collection":[{"href":"https:\/\/promochaudiere.be\/nl\/wp-json\/wp\/v2\/product"}],"about":[{"href":"https:\/\/promochaudiere.be\/nl\/wp-json\/wp\/v2\/types\/product"}],"replies":[{"embeddable":true,"href":"https:\/\/promochaudiere.be\/nl\/wp-json\/wp\/v2\/comments?post=14742"}],"version-history":[{"count":1,"href":"https:\/\/promochaudiere.be\/nl\/wp-json\/wp\/v2\/product\/14742\/revisions"}],"predecessor-version":[{"id":52945,"href":"https:\/\/promochaudiere.be\/nl\/wp-json\/wp\/v2\/product\/14742\/revisions\/52945"}],"wp:featuredmedia":[{"embeddable":true,"href":"https:\/\/promochaudiere.be\/nl\/wp-json\/wp\/v2\/media\/22472"}],"wp:attachment":[{"href":"https:\/\/promochaudiere.be\/nl\/wp-json\/wp\/v2\/media?parent=14742"}],"wp:term":[{"taxonomy":"product_brand","embeddable":true,"href":"https:\/\/promochaudiere.be\/nl\/wp-json\/wp\/v2\/product_brand?post=14742"},{"taxonomy":"product_cat","embeddable":true,"href":"https:\/\/promochaudiere.be\/nl\/wp-json\/wp\/v2\/product_cat?post=14742"},{"taxonomy":"product_tag","embeddable":true,"href":"https:\/\/promochaudiere.be\/nl\/wp-json\/wp\/v2\/product_tag?post=14742"}],"curies":[{"name":"wp","href":"https:\/\/api.w.org\/{rel}","templated":true}]}}