{"id":14745,"date":"2025-01-17T09:54:27","date_gmt":"2025-01-17T09:54:27","guid":{"rendered":"https:\/\/promochaudiere.be\/produit\/theben-thermostat-dambiance-programmable-ram812top3-24-heures-7jours-230v-classe-iv-2-ram812top3\/"},"modified":"2026-02-03T19:40:02","modified_gmt":"2026-02-03T18:40:02","slug":"theben-thermostat-dambiance-programmable-ram812top3-24-heures-7jours-230v-classe-iv-2-ram812top3","status":"publish","type":"product","link":"https:\/\/promochaudiere.be\/nl\/product\/theben-thermostat-dambiance-programmable-ram812top3-24-heures-7jours-230v-classe-iv-2-ram812top3\/","title":{"rendered":"THEBEN THERMOSTAT D&rsquo;AMBIANCE PROGRAMMABLE RAM812TOP3 24 HEURES\/7JOURS 230V CLASSE IV (2%) RAM812TOP3"},"content":{"rendered":"<p>Ce mod\u00e8le Theben RAM812 TOP3 assure une gestion avanc\u00e9e du chauffage gr\u00e2ce \u00e0 ses fonctions programmables. Son affichage clair et ses boutons ergonomiques facilitent les r\u00e9glages. Id\u00e9al pour une consommation \u00e9nerg\u00e9tique ma\u00eetris\u00e9e.<\/p>","protected":false},"excerpt":{"rendered":"<p>THEBEN THERMOSTAT D&rsquo;AMBIANCE PROGRAMMABLE RAM812TOP3 24 HEURES\/7JOURS 230V CLASSE IV (2%) RAM812TOP3<\/p>","protected":false},"featured_media":22640,"comment_status":"open","ping_status":"closed","template":"","meta":[],"product_brand":[],"product_cat":[8840,5525],"product_tag":[],"class_list":{"0":"post-14745","1":"product","2":"type-product","3":"status-publish","4":"has-post-thumbnail","6":"product_cat-test","7":"product_cat-thermostat-theben","8":"pa_marque-theben","10":"first","11":"instock","12":"sale","13":"taxable","14":"shipping-taxable","15":"purchasable","16":"product-type-simple"},"aioseo_notices":[],"_links":{"self":[{"href":"https:\/\/promochaudiere.be\/nl\/wp-json\/wp\/v2\/product\/14745","targetHints":{"allow":["GET"]}}],"collection":[{"href":"https:\/\/promochaudiere.be\/nl\/wp-json\/wp\/v2\/product"}],"about":[{"href":"https:\/\/promochaudiere.be\/nl\/wp-json\/wp\/v2\/types\/product"}],"replies":[{"embeddable":true,"href":"https:\/\/promochaudiere.be\/nl\/wp-json\/wp\/v2\/comments?post=14745"}],"version-history":[{"count":1,"href":"https:\/\/promochaudiere.be\/nl\/wp-json\/wp\/v2\/product\/14745\/revisions"}],"predecessor-version":[{"id":52944,"href":"https:\/\/promochaudiere.be\/nl\/wp-json\/wp\/v2\/product\/14745\/revisions\/52944"}],"wp:featuredmedia":[{"embeddable":true,"href":"https:\/\/promochaudiere.be\/nl\/wp-json\/wp\/v2\/media\/22640"}],"wp:attachment":[{"href":"https:\/\/promochaudiere.be\/nl\/wp-json\/wp\/v2\/media?parent=14745"}],"wp:term":[{"taxonomy":"product_brand","embeddable":true,"href":"https:\/\/promochaudiere.be\/nl\/wp-json\/wp\/v2\/product_brand?post=14745"},{"taxonomy":"product_cat","embeddable":true,"href":"https:\/\/promochaudiere.be\/nl\/wp-json\/wp\/v2\/product_cat?post=14745"},{"taxonomy":"product_tag","embeddable":true,"href":"https:\/\/promochaudiere.be\/nl\/wp-json\/wp\/v2\/product_tag?post=14745"}],"curies":[{"name":"wp","href":"https:\/\/api.w.org\/{rel}","templated":true}]}}