{"id":14747,"date":"2025-01-17T09:54:29","date_gmt":"2025-01-17T09:54:29","guid":{"rendered":"https:\/\/promochaudiere.be\/produit\/pompe-h-e-vc376-3vcw376-3vu362-3vuw362-3-0020176087\/"},"modified":"2026-02-03T18:15:47","modified_gmt":"2026-02-03T17:15:47","slug":"pompe-h-e-vc376-3vcw376-3vu362-3vuw362-3-0020176087","status":"publish","type":"product","link":"https:\/\/promochaudiere.be\/nl\/product\/pompe-h-e-vc376-3vcw376-3vu362-3vuw362-3-0020176087\/","title":{"rendered":"POMPE H.E. VC376\/3+VCW376\/3+VU362\/3+VUW362\/3 0020176087"},"content":{"rendered":"<p>Cette pompe haute efficacit\u00e9 assure une circulation homog\u00e8ne de l\u2019eau chaude pour les mod\u00e8les Vaillant mentionn\u00e9s. Elle garantit une r\u00e9duction de la consommation \u00e9nerg\u00e9tique et un fonctionnement silencieux. Un composant cl\u00e9 pour un chauffage performant.<\/p>","protected":false},"excerpt":{"rendered":"<p>POMPE H.E. VC376\/3+VCW376\/3+VU362\/3+VUW362\/3 0020176087<\/p>","protected":false},"featured_media":21943,"comment_status":"open","ping_status":"closed","template":"","meta":[],"product_brand":[],"product_cat":[8917,8840],"product_tag":[],"class_list":{"0":"post-14747","1":"product","2":"type-product","3":"status-publish","4":"has-post-thumbnail","6":"product_cat-pieces-detachees-vaillant","7":"product_cat-test","8":"pa_marque-vaillant","10":"first","11":"instock","12":"sale","13":"taxable","14":"shipping-taxable","15":"purchasable","16":"product-type-simple"},"aioseo_notices":[],"_links":{"self":[{"href":"https:\/\/promochaudiere.be\/nl\/wp-json\/wp\/v2\/product\/14747","targetHints":{"allow":["GET"]}}],"collection":[{"href":"https:\/\/promochaudiere.be\/nl\/wp-json\/wp\/v2\/product"}],"about":[{"href":"https:\/\/promochaudiere.be\/nl\/wp-json\/wp\/v2\/types\/product"}],"replies":[{"embeddable":true,"href":"https:\/\/promochaudiere.be\/nl\/wp-json\/wp\/v2\/comments?post=14747"}],"version-history":[{"count":1,"href":"https:\/\/promochaudiere.be\/nl\/wp-json\/wp\/v2\/product\/14747\/revisions"}],"predecessor-version":[{"id":52943,"href":"https:\/\/promochaudiere.be\/nl\/wp-json\/wp\/v2\/product\/14747\/revisions\/52943"}],"wp:featuredmedia":[{"embeddable":true,"href":"https:\/\/promochaudiere.be\/nl\/wp-json\/wp\/v2\/media\/21943"}],"wp:attachment":[{"href":"https:\/\/promochaudiere.be\/nl\/wp-json\/wp\/v2\/media?parent=14747"}],"wp:term":[{"taxonomy":"product_brand","embeddable":true,"href":"https:\/\/promochaudiere.be\/nl\/wp-json\/wp\/v2\/product_brand?post=14747"},{"taxonomy":"product_cat","embeddable":true,"href":"https:\/\/promochaudiere.be\/nl\/wp-json\/wp\/v2\/product_cat?post=14747"},{"taxonomy":"product_tag","embeddable":true,"href":"https:\/\/promochaudiere.be\/nl\/wp-json\/wp\/v2\/product_tag?post=14747"}],"curies":[{"name":"wp","href":"https:\/\/api.w.org\/{rel}","templated":true}]}}