{"id":14748,"date":"2025-01-17T09:54:29","date_gmt":"2025-01-17T09:54:29","guid":{"rendered":"https:\/\/promochaudiere.be\/produit\/vaillant-echangeur-sanitaire-de-35-plaques-0020025041\/"},"modified":"2026-02-03T18:15:43","modified_gmt":"2026-02-03T17:15:43","slug":"vaillant-echangeur-sanitaire-de-35-plaques-0020025041","status":"publish","type":"product","link":"https:\/\/promochaudiere.be\/nl\/product\/vaillant-echangeur-sanitaire-de-35-plaques-0020025041\/","title":{"rendered":"Vaillant \u00e9changeur sanitaire de 35 plaques 0020025041"},"content":{"rendered":"<p>Ce mod\u00e8le Vaillant avec 35 plaques assure un \u00e9change thermique rapide et efficace. Il garantit une distribution homog\u00e8ne de l\u2019eau chaude sanitaire tout en optimisant la consommation \u00e9nerg\u00e9tique. Son installation simple permet un remplacement rapide en cas d\u2019usure. Con\u00e7u en mat\u00e9riaux r\u00e9sistants, il offre une durabilit\u00e9 optimale. Un composant cl\u00e9 pour une chaudi\u00e8re performante.<\/p>","protected":false},"excerpt":{"rendered":"<p>Vaillant \u00e9changeur sanitaire de 35 plaques 0020025041<\/p>","protected":false},"featured_media":21794,"comment_status":"open","ping_status":"closed","template":"","meta":[],"product_brand":[],"product_cat":[8917,8840],"product_tag":[],"class_list":{"0":"post-14748","1":"product","2":"type-product","3":"status-publish","4":"has-post-thumbnail","6":"product_cat-pieces-detachees-vaillant","7":"product_cat-test","8":"pa_marque-vaillant","10":"first","11":"instock","12":"sale","13":"taxable","14":"shipping-taxable","15":"purchasable","16":"product-type-simple"},"aioseo_notices":[],"_links":{"self":[{"href":"https:\/\/promochaudiere.be\/nl\/wp-json\/wp\/v2\/product\/14748","targetHints":{"allow":["GET"]}}],"collection":[{"href":"https:\/\/promochaudiere.be\/nl\/wp-json\/wp\/v2\/product"}],"about":[{"href":"https:\/\/promochaudiere.be\/nl\/wp-json\/wp\/v2\/types\/product"}],"replies":[{"embeddable":true,"href":"https:\/\/promochaudiere.be\/nl\/wp-json\/wp\/v2\/comments?post=14748"}],"version-history":[{"count":1,"href":"https:\/\/promochaudiere.be\/nl\/wp-json\/wp\/v2\/product\/14748\/revisions"}],"predecessor-version":[{"id":52942,"href":"https:\/\/promochaudiere.be\/nl\/wp-json\/wp\/v2\/product\/14748\/revisions\/52942"}],"wp:featuredmedia":[{"embeddable":true,"href":"https:\/\/promochaudiere.be\/nl\/wp-json\/wp\/v2\/media\/21794"}],"wp:attachment":[{"href":"https:\/\/promochaudiere.be\/nl\/wp-json\/wp\/v2\/media?parent=14748"}],"wp:term":[{"taxonomy":"product_brand","embeddable":true,"href":"https:\/\/promochaudiere.be\/nl\/wp-json\/wp\/v2\/product_brand?post=14748"},{"taxonomy":"product_cat","embeddable":true,"href":"https:\/\/promochaudiere.be\/nl\/wp-json\/wp\/v2\/product_cat?post=14748"},{"taxonomy":"product_tag","embeddable":true,"href":"https:\/\/promochaudiere.be\/nl\/wp-json\/wp\/v2\/product_tag?post=14748"}],"curies":[{"name":"wp","href":"https:\/\/api.w.org\/{rel}","templated":true}]}}