{"id":14766,"date":"2025-01-17T09:54:36","date_gmt":"2025-01-17T09:54:36","guid":{"rendered":"https:\/\/promochaudiere.be\/produit\/vaillant-pompe-thermo-161106\/"},"modified":"2026-02-03T18:15:57","modified_gmt":"2026-02-03T17:15:57","slug":"vaillant-pompe-thermo-161106","status":"publish","type":"product","link":"https:\/\/promochaudiere.be\/nl\/product\/vaillant-pompe-thermo-161106\/","title":{"rendered":"Vaillant pompe thermo 161106"},"content":{"rendered":"<p>Cette pompe thermo Vaillant assure une circulation optimale du fluide caloporteur dans les circuits de chauffage. Elle garantit une distribution homog\u00e8ne de la chaleur et am\u00e9liore le rendement \u00e9nerg\u00e9tique. Son moteur haute performance assure une longue dur\u00e9e de vie. Facile \u00e0 installer, elle est compatible avec plusieurs mod\u00e8les Vaillant. Un composant cl\u00e9 pour un chauffage performant et efficace.<\/p>","protected":false},"excerpt":{"rendered":"<p>Vaillant pompe thermo 161106<\/p>","protected":false},"featured_media":22521,"comment_status":"open","ping_status":"closed","template":"","meta":[],"product_brand":[],"product_cat":[8917,8840],"product_tag":[],"class_list":{"0":"post-14766","1":"product","2":"type-product","3":"status-publish","4":"has-post-thumbnail","6":"product_cat-pieces-detachees-vaillant","7":"product_cat-test","8":"pa_marque-vaillant","10":"first","11":"instock","12":"sale","13":"taxable","14":"shipping-taxable","15":"purchasable","16":"product-type-simple"},"aioseo_notices":[],"_links":{"self":[{"href":"https:\/\/promochaudiere.be\/nl\/wp-json\/wp\/v2\/product\/14766","targetHints":{"allow":["GET"]}}],"collection":[{"href":"https:\/\/promochaudiere.be\/nl\/wp-json\/wp\/v2\/product"}],"about":[{"href":"https:\/\/promochaudiere.be\/nl\/wp-json\/wp\/v2\/types\/product"}],"replies":[{"embeddable":true,"href":"https:\/\/promochaudiere.be\/nl\/wp-json\/wp\/v2\/comments?post=14766"}],"version-history":[{"count":1,"href":"https:\/\/promochaudiere.be\/nl\/wp-json\/wp\/v2\/product\/14766\/revisions"}],"predecessor-version":[{"id":52940,"href":"https:\/\/promochaudiere.be\/nl\/wp-json\/wp\/v2\/product\/14766\/revisions\/52940"}],"wp:featuredmedia":[{"embeddable":true,"href":"https:\/\/promochaudiere.be\/nl\/wp-json\/wp\/v2\/media\/22521"}],"wp:attachment":[{"href":"https:\/\/promochaudiere.be\/nl\/wp-json\/wp\/v2\/media?parent=14766"}],"wp:term":[{"taxonomy":"product_brand","embeddable":true,"href":"https:\/\/promochaudiere.be\/nl\/wp-json\/wp\/v2\/product_brand?post=14766"},{"taxonomy":"product_cat","embeddable":true,"href":"https:\/\/promochaudiere.be\/nl\/wp-json\/wp\/v2\/product_cat?post=14766"},{"taxonomy":"product_tag","embeddable":true,"href":"https:\/\/promochaudiere.be\/nl\/wp-json\/wp\/v2\/product_tag?post=14766"}],"curies":[{"name":"wp","href":"https:\/\/api.w.org\/{rel}","templated":true}]}}