{"id":14768,"date":"2025-01-17T09:54:37","date_gmt":"2025-01-17T09:54:37","guid":{"rendered":"https:\/\/promochaudiere.be\/produit\/dab-pompe-vide-cave-de-serie-nova-up-x-300m-na-60152309\/"},"modified":"2026-02-03T18:15:43","modified_gmt":"2026-02-03T17:15:43","slug":"dab-pompe-vide-cave-de-serie-nova-up-x-300m-na-60152309","status":"publish","type":"product","link":"https:\/\/promochaudiere.be\/nl\/product\/dab-pompe-vide-cave-de-serie-nova-up-x-300m-na-60152309\/","title":{"rendered":"DAB pompe vide-cave de s\u00e9rie Nova UP X 300m-na 60152309"},"content":{"rendered":"<p>Ce mod\u00e8le de pompe vide-cave DAB Nova UP X 300M-NA est sp\u00e9cialement con\u00e7u pour les eaux claires et charg\u00e9es. Gr\u00e2ce \u00e0 sa structure en mat\u00e9riau anti-corrosion, elle offre une longue dur\u00e9e de vie. Son moteur silencieux et puissant garantit une \u00e9vacuation efficace m\u00eame en cas de forte pluie.<\/p>","protected":false},"excerpt":{"rendered":"<p>DAB pompe vide-cave de s\u00e9rie Nova UP X 300m-na 60152309<\/p>","protected":false},"featured_media":21782,"comment_status":"open","ping_status":"closed","template":"","meta":[],"product_brand":[],"product_cat":[706,8840],"product_tag":[],"class_list":{"0":"post-14768","1":"product","2":"type-product","3":"status-publish","4":"has-post-thumbnail","6":"product_cat-pompe-hydrophore","7":"product_cat-test","8":"pa_marque-dab","10":"first","11":"instock","12":"sale","13":"taxable","14":"shipping-taxable","15":"purchasable","16":"product-type-simple"},"aioseo_notices":[],"_links":{"self":[{"href":"https:\/\/promochaudiere.be\/nl\/wp-json\/wp\/v2\/product\/14768","targetHints":{"allow":["GET"]}}],"collection":[{"href":"https:\/\/promochaudiere.be\/nl\/wp-json\/wp\/v2\/product"}],"about":[{"href":"https:\/\/promochaudiere.be\/nl\/wp-json\/wp\/v2\/types\/product"}],"replies":[{"embeddable":true,"href":"https:\/\/promochaudiere.be\/nl\/wp-json\/wp\/v2\/comments?post=14768"}],"version-history":[{"count":1,"href":"https:\/\/promochaudiere.be\/nl\/wp-json\/wp\/v2\/product\/14768\/revisions"}],"predecessor-version":[{"id":45369,"href":"https:\/\/promochaudiere.be\/nl\/wp-json\/wp\/v2\/product\/14768\/revisions\/45369"}],"wp:featuredmedia":[{"embeddable":true,"href":"https:\/\/promochaudiere.be\/nl\/wp-json\/wp\/v2\/media\/21782"}],"wp:attachment":[{"href":"https:\/\/promochaudiere.be\/nl\/wp-json\/wp\/v2\/media?parent=14768"}],"wp:term":[{"taxonomy":"product_brand","embeddable":true,"href":"https:\/\/promochaudiere.be\/nl\/wp-json\/wp\/v2\/product_brand?post=14768"},{"taxonomy":"product_cat","embeddable":true,"href":"https:\/\/promochaudiere.be\/nl\/wp-json\/wp\/v2\/product_cat?post=14768"},{"taxonomy":"product_tag","embeddable":true,"href":"https:\/\/promochaudiere.be\/nl\/wp-json\/wp\/v2\/product_tag?post=14768"}],"curies":[{"name":"wp","href":"https:\/\/api.w.org\/{rel}","templated":true}]}}