{"id":14772,"date":"2025-01-17T09:54:38","date_gmt":"2025-01-17T09:54:38","guid":{"rendered":"https:\/\/promochaudiere.be\/produit\/zehnder-socle-de-montage-comfofond-q-471310087\/"},"modified":"2026-02-03T18:15:44","modified_gmt":"2026-02-03T17:15:44","slug":"zehnder-socle-de-montage-comfofond-q-471310087","status":"publish","type":"product","link":"https:\/\/promochaudiere.be\/nl\/product\/zehnder-socle-de-montage-comfofond-q-471310087\/","title":{"rendered":"Zehnder Socle de montage comfofond q 471310087"},"content":{"rendered":"<p>Ce socle de montage Zehnder est con\u00e7u pour les unit\u00e9s ComfoFond Q. Il assure une fixation stable et s\u00e9curis\u00e9e pour un fonctionnement optimal. Son installation rapide facilite l\u2019entretien et l\u2019accessibilit\u00e9 des \u00e9quipements. Id\u00e9al pour garantir une ventilation performante et bien maintenue.<\/p>","protected":false},"excerpt":{"rendered":"<p>Zehnder Socle de montage comfofond q 471310087<\/p>","protected":false},"featured_media":22364,"comment_status":"open","ping_status":"closed","template":"","meta":[],"product_brand":[],"product_cat":[10895,8840],"product_tag":[],"class_list":{"0":"post-14772","1":"product","2":"type-product","3":"status-publish","4":"has-post-thumbnail","6":"product_cat-accessoires-zehnder","7":"product_cat-test","8":"pa_marque-zehnder","10":"first","11":"instock","12":"sale","13":"taxable","14":"shipping-taxable","15":"purchasable","16":"product-type-simple"},"aioseo_notices":[],"_links":{"self":[{"href":"https:\/\/promochaudiere.be\/nl\/wp-json\/wp\/v2\/product\/14772","targetHints":{"allow":["GET"]}}],"collection":[{"href":"https:\/\/promochaudiere.be\/nl\/wp-json\/wp\/v2\/product"}],"about":[{"href":"https:\/\/promochaudiere.be\/nl\/wp-json\/wp\/v2\/types\/product"}],"replies":[{"embeddable":true,"href":"https:\/\/promochaudiere.be\/nl\/wp-json\/wp\/v2\/comments?post=14772"}],"version-history":[{"count":1,"href":"https:\/\/promochaudiere.be\/nl\/wp-json\/wp\/v2\/product\/14772\/revisions"}],"predecessor-version":[{"id":52938,"href":"https:\/\/promochaudiere.be\/nl\/wp-json\/wp\/v2\/product\/14772\/revisions\/52938"}],"wp:featuredmedia":[{"embeddable":true,"href":"https:\/\/promochaudiere.be\/nl\/wp-json\/wp\/v2\/media\/22364"}],"wp:attachment":[{"href":"https:\/\/promochaudiere.be\/nl\/wp-json\/wp\/v2\/media?parent=14772"}],"wp:term":[{"taxonomy":"product_brand","embeddable":true,"href":"https:\/\/promochaudiere.be\/nl\/wp-json\/wp\/v2\/product_brand?post=14772"},{"taxonomy":"product_cat","embeddable":true,"href":"https:\/\/promochaudiere.be\/nl\/wp-json\/wp\/v2\/product_cat?post=14772"},{"taxonomy":"product_tag","embeddable":true,"href":"https:\/\/promochaudiere.be\/nl\/wp-json\/wp\/v2\/product_tag?post=14772"}],"curies":[{"name":"wp","href":"https:\/\/api.w.org\/{rel}","templated":true}]}}