{"id":14773,"date":"2025-01-17T09:54:39","date_gmt":"2025-01-17T09:54:39","guid":{"rendered":"https:\/\/promochaudiere.be\/produit\/hansa-rechauffeur-hvs-5-3-bruleur-zz894470\/"},"modified":"2026-02-03T18:15:50","modified_gmt":"2026-02-03T17:15:50","slug":"hansa-rechauffeur-hvs-5-3-bruleur-zz894470","status":"publish","type":"product","link":"https:\/\/promochaudiere.be\/nl\/product\/hansa-rechauffeur-hvs-5-3-bruleur-zz894470\/","title":{"rendered":"Hansa r\u00e9chauffeur H(V)S 5.3 bruleur ZZ894470"},"content":{"rendered":"<p>Ce r\u00e9chauffeur est con\u00e7u pour optimiser l\u2019efficacit\u00e9 thermique des installations de chauffage. Il garantit une mont\u00e9e en temp\u00e9rature rapide et une distribution homog\u00e8ne de la chaleur. Son syst\u00e8me de combustion performant r\u00e9duit la consommation \u00e9nerg\u00e9tique. Fabriqu\u00e9 en mat\u00e9riaux r\u00e9sistants, il offre une grande long\u00e9vit\u00e9. Son installation est simple et compatible avec plusieurs types de br\u00fbleurs. Un \u00e9l\u00e9ment cl\u00e9 pour une performance thermique optimis\u00e9e.<\/p>","protected":false},"excerpt":{"rendered":"<p>Hansa r\u00e9chauffeur H(V)S 5.3 bruleur ZZ894470<\/p>","protected":false},"featured_media":22294,"comment_status":"open","ping_status":"closed","template":"","meta":[],"product_brand":[],"product_cat":[47,8840],"product_tag":[],"class_list":{"0":"post-14773","1":"product","2":"type-product","3":"status-publish","4":"has-post-thumbnail","6":"product_cat-bruleur-mazout","7":"product_cat-test","8":"pa_marque-hansa","10":"first","11":"instock","12":"sale","13":"taxable","14":"shipping-taxable","15":"purchasable","16":"product-type-simple"},"aioseo_notices":[],"_links":{"self":[{"href":"https:\/\/promochaudiere.be\/nl\/wp-json\/wp\/v2\/product\/14773","targetHints":{"allow":["GET"]}}],"collection":[{"href":"https:\/\/promochaudiere.be\/nl\/wp-json\/wp\/v2\/product"}],"about":[{"href":"https:\/\/promochaudiere.be\/nl\/wp-json\/wp\/v2\/types\/product"}],"replies":[{"embeddable":true,"href":"https:\/\/promochaudiere.be\/nl\/wp-json\/wp\/v2\/comments?post=14773"}],"version-history":[{"count":1,"href":"https:\/\/promochaudiere.be\/nl\/wp-json\/wp\/v2\/product\/14773\/revisions"}],"predecessor-version":[{"id":45365,"href":"https:\/\/promochaudiere.be\/nl\/wp-json\/wp\/v2\/product\/14773\/revisions\/45365"}],"wp:featuredmedia":[{"embeddable":true,"href":"https:\/\/promochaudiere.be\/nl\/wp-json\/wp\/v2\/media\/22294"}],"wp:attachment":[{"href":"https:\/\/promochaudiere.be\/nl\/wp-json\/wp\/v2\/media?parent=14773"}],"wp:term":[{"taxonomy":"product_brand","embeddable":true,"href":"https:\/\/promochaudiere.be\/nl\/wp-json\/wp\/v2\/product_brand?post=14773"},{"taxonomy":"product_cat","embeddable":true,"href":"https:\/\/promochaudiere.be\/nl\/wp-json\/wp\/v2\/product_cat?post=14773"},{"taxonomy":"product_tag","embeddable":true,"href":"https:\/\/promochaudiere.be\/nl\/wp-json\/wp\/v2\/product_tag?post=14773"}],"curies":[{"name":"wp","href":"https:\/\/api.w.org\/{rel}","templated":true}]}}