{"id":14786,"date":"2025-01-17T09:54:44","date_gmt":"2025-01-17T09:54:44","guid":{"rendered":"https:\/\/promochaudiere.be\/produit\/junkers-ventilateur-zwr24-3ae-zwe24-1ae-87172042240\/"},"modified":"2026-02-03T18:15:47","modified_gmt":"2026-02-03T17:15:47","slug":"junkers-ventilateur-zwr24-3ae-zwe24-1ae-87172042240","status":"publish","type":"product","link":"https:\/\/promochaudiere.be\/nl\/product\/junkers-ventilateur-zwr24-3ae-zwe24-1ae-87172042240\/","title":{"rendered":"JUNKERS VENTILATEUR Z(W)R24-3AE-ZWE24-1AE 87172042240"},"content":{"rendered":"<p>Ce ventilateur Junkers est con\u00e7u pour assurer une \u00e9vacuation efficace des fum\u00e9es et un apport d\u2019air optimis\u00e9. Il contribue \u00e0 am\u00e9liorer la combustion et le rendement \u00e9nerg\u00e9tique des chaudi\u00e8res.<\/p>","protected":false},"excerpt":{"rendered":"<p>JUNKERS VENTILATEUR Z(W)R24-3AE-ZWE24-1AE 87172042240<\/p>","protected":false},"featured_media":21865,"comment_status":"open","ping_status":"closed","template":"","meta":[],"product_brand":[],"product_cat":[9485,8840],"product_tag":[],"class_list":{"0":"post-14786","1":"product","2":"type-product","3":"status-publish","4":"has-post-thumbnail","6":"product_cat-pieces-detachees-bosch","7":"product_cat-test","8":"pa_marque-bosch","10":"first","11":"instock","12":"sale","13":"taxable","14":"shipping-taxable","15":"purchasable","16":"product-type-simple"},"aioseo_notices":[],"_links":{"self":[{"href":"https:\/\/promochaudiere.be\/nl\/wp-json\/wp\/v2\/product\/14786","targetHints":{"allow":["GET"]}}],"collection":[{"href":"https:\/\/promochaudiere.be\/nl\/wp-json\/wp\/v2\/product"}],"about":[{"href":"https:\/\/promochaudiere.be\/nl\/wp-json\/wp\/v2\/types\/product"}],"replies":[{"embeddable":true,"href":"https:\/\/promochaudiere.be\/nl\/wp-json\/wp\/v2\/comments?post=14786"}],"version-history":[{"count":1,"href":"https:\/\/promochaudiere.be\/nl\/wp-json\/wp\/v2\/product\/14786\/revisions"}],"predecessor-version":[{"id":45356,"href":"https:\/\/promochaudiere.be\/nl\/wp-json\/wp\/v2\/product\/14786\/revisions\/45356"}],"wp:featuredmedia":[{"embeddable":true,"href":"https:\/\/promochaudiere.be\/nl\/wp-json\/wp\/v2\/media\/21865"}],"wp:attachment":[{"href":"https:\/\/promochaudiere.be\/nl\/wp-json\/wp\/v2\/media?parent=14786"}],"wp:term":[{"taxonomy":"product_brand","embeddable":true,"href":"https:\/\/promochaudiere.be\/nl\/wp-json\/wp\/v2\/product_brand?post=14786"},{"taxonomy":"product_cat","embeddable":true,"href":"https:\/\/promochaudiere.be\/nl\/wp-json\/wp\/v2\/product_cat?post=14786"},{"taxonomy":"product_tag","embeddable":true,"href":"https:\/\/promochaudiere.be\/nl\/wp-json\/wp\/v2\/product_tag?post=14786"}],"curies":[{"name":"wp","href":"https:\/\/api.w.org\/{rel}","templated":true}]}}