{"id":14788,"date":"2025-01-17T09:54:45","date_gmt":"2025-01-17T09:54:45","guid":{"rendered":"https:\/\/promochaudiere.be\/produit\/bosch-bouteille-casse-pression-avec-isolation-why-dn25-avec-une-debit-maximale-de-2000l-h-1-8718599384\/"},"modified":"2026-02-03T19:40:02","modified_gmt":"2026-02-03T18:40:02","slug":"bosch-bouteille-casse-pression-avec-isolation-why-dn25-avec-une-debit-maximale-de-2000l-h-1-8718599384","status":"publish","type":"product","link":"https:\/\/promochaudiere.be\/nl\/product\/bosch-bouteille-casse-pression-avec-isolation-why-dn25-avec-une-debit-maximale-de-2000l-h-1-8718599384\/","title":{"rendered":"BOSCH BOUTEILLE CASSE-PRESSION AVEC ISOLATION WHY DN25 AVEC UNE DEBIT MAXIMALE DE 2000L\/H 1&Prime; 8718599384"},"content":{"rendered":"<p>La bouteille casse-pression Bosch est id\u00e9ale pour stabiliser les d\u00e9bits et garantir un fonctionnement optimal de votre installation. Son isolation efficace assure une conservation maximale de l\u2019\u00e9nergie et limite les variations de temp\u00e9rature. Con\u00e7ue avec des mat\u00e9riaux robustes, elle est r\u00e9sistante et durable dans le temps. Facile \u00e0 mettre en place, elle s\u2019adapte aux diff\u00e9rentes exigences des syst\u00e8mes hydrauliques. Son format \u00e9tudi\u00e9 permet une int\u00e9gration discr\u00e8te.<\/p>","protected":false},"excerpt":{"rendered":"<p>BOSCH BOUTEILLE CASSE-PRESSION AVEC ISOLATION WHY DN25 AVEC UNE DEBIT MAXIMALE DE 2000L\/H 1&Prime; 8718599384<\/p>","protected":false},"featured_media":21375,"comment_status":"open","ping_status":"closed","template":"","meta":[],"product_brand":[],"product_cat":[9489,8840],"product_tag":[],"class_list":{"0":"post-14788","1":"product","2":"type-product","3":"status-publish","4":"has-post-thumbnail","6":"product_cat-accessoire-de-raccordement-bosch","7":"product_cat-test","8":"pa_marque-bosch","10":"first","11":"instock","12":"sale","13":"taxable","14":"shipping-taxable","15":"purchasable","16":"product-type-simple"},"aioseo_notices":[],"_links":{"self":[{"href":"https:\/\/promochaudiere.be\/nl\/wp-json\/wp\/v2\/product\/14788","targetHints":{"allow":["GET"]}}],"collection":[{"href":"https:\/\/promochaudiere.be\/nl\/wp-json\/wp\/v2\/product"}],"about":[{"href":"https:\/\/promochaudiere.be\/nl\/wp-json\/wp\/v2\/types\/product"}],"replies":[{"embeddable":true,"href":"https:\/\/promochaudiere.be\/nl\/wp-json\/wp\/v2\/comments?post=14788"}],"version-history":[{"count":1,"href":"https:\/\/promochaudiere.be\/nl\/wp-json\/wp\/v2\/product\/14788\/revisions"}],"predecessor-version":[{"id":45353,"href":"https:\/\/promochaudiere.be\/nl\/wp-json\/wp\/v2\/product\/14788\/revisions\/45353"}],"wp:featuredmedia":[{"embeddable":true,"href":"https:\/\/promochaudiere.be\/nl\/wp-json\/wp\/v2\/media\/21375"}],"wp:attachment":[{"href":"https:\/\/promochaudiere.be\/nl\/wp-json\/wp\/v2\/media?parent=14788"}],"wp:term":[{"taxonomy":"product_brand","embeddable":true,"href":"https:\/\/promochaudiere.be\/nl\/wp-json\/wp\/v2\/product_brand?post=14788"},{"taxonomy":"product_cat","embeddable":true,"href":"https:\/\/promochaudiere.be\/nl\/wp-json\/wp\/v2\/product_cat?post=14788"},{"taxonomy":"product_tag","embeddable":true,"href":"https:\/\/promochaudiere.be\/nl\/wp-json\/wp\/v2\/product_tag?post=14788"}],"curies":[{"name":"wp","href":"https:\/\/api.w.org\/{rel}","templated":true}]}}