{"id":14795,"date":"2025-01-17T09:54:48","date_gmt":"2025-01-17T09:54:48","guid":{"rendered":"https:\/\/promochaudiere.be\/produit\/vaillant-kit-echangeur-a-plaques-065034\/"},"modified":"2026-02-03T18:15:47","modified_gmt":"2026-02-03T17:15:47","slug":"vaillant-kit-echangeur-a-plaques-065034","status":"publish","type":"product","link":"https:\/\/promochaudiere.be\/nl\/product\/vaillant-kit-echangeur-a-plaques-065034\/","title":{"rendered":"Vaillant kit \u00e9changeur a plaques 065034"},"content":{"rendered":"<p>Ce kit Vaillant permet le remplacement ou l\u2019entretien de l\u2019\u00e9changeur \u00e0 plaques des chaudi\u00e8res. Il garantit un fonctionnement optimal et prolonge la dur\u00e9e de vie du syst\u00e8me. Facile \u00e0 installer, il assure une performance \u00e9nerg\u00e9tique accrue. Un accessoire essentiel pour maintenir un chauffage efficace.<\/p>","protected":false},"excerpt":{"rendered":"<p>Vaillant kit \u00e9changeur a plaques 065034<\/p>","protected":false},"featured_media":21763,"comment_status":"open","ping_status":"closed","template":"","meta":[],"product_brand":[],"product_cat":[8917,8840],"product_tag":[],"class_list":{"0":"post-14795","1":"product","2":"type-product","3":"status-publish","4":"has-post-thumbnail","6":"product_cat-pieces-detachees-vaillant","7":"product_cat-test","8":"pa_marque-vaillant","10":"first","11":"instock","12":"sale","13":"taxable","14":"shipping-taxable","15":"purchasable","16":"product-type-simple"},"aioseo_notices":[],"_links":{"self":[{"href":"https:\/\/promochaudiere.be\/nl\/wp-json\/wp\/v2\/product\/14795","targetHints":{"allow":["GET"]}}],"collection":[{"href":"https:\/\/promochaudiere.be\/nl\/wp-json\/wp\/v2\/product"}],"about":[{"href":"https:\/\/promochaudiere.be\/nl\/wp-json\/wp\/v2\/types\/product"}],"replies":[{"embeddable":true,"href":"https:\/\/promochaudiere.be\/nl\/wp-json\/wp\/v2\/comments?post=14795"}],"version-history":[{"count":1,"href":"https:\/\/promochaudiere.be\/nl\/wp-json\/wp\/v2\/product\/14795\/revisions"}],"predecessor-version":[{"id":52934,"href":"https:\/\/promochaudiere.be\/nl\/wp-json\/wp\/v2\/product\/14795\/revisions\/52934"}],"wp:featuredmedia":[{"embeddable":true,"href":"https:\/\/promochaudiere.be\/nl\/wp-json\/wp\/v2\/media\/21763"}],"wp:attachment":[{"href":"https:\/\/promochaudiere.be\/nl\/wp-json\/wp\/v2\/media?parent=14795"}],"wp:term":[{"taxonomy":"product_brand","embeddable":true,"href":"https:\/\/promochaudiere.be\/nl\/wp-json\/wp\/v2\/product_brand?post=14795"},{"taxonomy":"product_cat","embeddable":true,"href":"https:\/\/promochaudiere.be\/nl\/wp-json\/wp\/v2\/product_cat?post=14795"},{"taxonomy":"product_tag","embeddable":true,"href":"https:\/\/promochaudiere.be\/nl\/wp-json\/wp\/v2\/product_tag?post=14795"}],"curies":[{"name":"wp","href":"https:\/\/api.w.org\/{rel}","templated":true}]}}