{"id":14797,"date":"2025-01-17T09:54:48","date_gmt":"2025-01-17T09:54:48","guid":{"rendered":"https:\/\/promochaudiere.be\/produit\/paktermo-plt-tuyau-gaz-dn15-1-2-par-rouleau-de-30m-p260130\/"},"modified":"2026-02-03T18:15:45","modified_gmt":"2026-02-03T17:15:45","slug":"paktermo-plt-tuyau-gaz-dn15-1-2-par-rouleau-de-30m-p260130","status":"publish","type":"product","link":"https:\/\/promochaudiere.be\/nl\/product\/paktermo-plt-tuyau-gaz-dn15-1-2-par-rouleau-de-30m-p260130\/","title":{"rendered":"PAKTERMO PLT TUYAU GAZ DN15 (1\/2&Prime;) PAR ROULEAU DE 30M P260130"},"content":{"rendered":"<p>Ce tuyau PAKTERMO PLT DN15 (1\/2&Prime;) en rouleau de 30m est con\u00e7u pour garantir une distribution fiable du gaz. Sa conception robuste assure une grande r\u00e9sistance aux pressions \u00e9lev\u00e9es et aux conditions environnementales difficiles. Son mat\u00e9riau anti-corrosion prolonge la dur\u00e9e de vie de l\u2019installation. Facile \u00e0 manipuler, il permet une installation rapide et sans complication. Id\u00e9al pour les professionnels et particuliers souhaitant une solution performante. Un choix parfait pour optimiser la s\u00e9curit\u00e9 des circuits de gaz.<\/p>","protected":false},"excerpt":{"rendered":"<p>PAKTERMO PLT TUYAU GAZ DN15 (1\/2&Prime;) PAR ROULEAU DE 30M P260130<\/p>","protected":false},"featured_media":22392,"comment_status":"open","ping_status":"closed","template":"","meta":[],"product_brand":[],"product_cat":[820,8840],"product_tag":[],"class_list":{"0":"post-14797","1":"product","2":"type-product","3":"status-publish","4":"has-post-thumbnail","6":"product_cat-plt-gaz","7":"product_cat-test","8":"pa_marque-paktermo","10":"first","11":"instock","12":"sale","13":"taxable","14":"shipping-taxable","15":"purchasable","16":"product-type-simple"},"aioseo_notices":[],"_links":{"self":[{"href":"https:\/\/promochaudiere.be\/nl\/wp-json\/wp\/v2\/product\/14797","targetHints":{"allow":["GET"]}}],"collection":[{"href":"https:\/\/promochaudiere.be\/nl\/wp-json\/wp\/v2\/product"}],"about":[{"href":"https:\/\/promochaudiere.be\/nl\/wp-json\/wp\/v2\/types\/product"}],"replies":[{"embeddable":true,"href":"https:\/\/promochaudiere.be\/nl\/wp-json\/wp\/v2\/comments?post=14797"}],"version-history":[{"count":1,"href":"https:\/\/promochaudiere.be\/nl\/wp-json\/wp\/v2\/product\/14797\/revisions"}],"predecessor-version":[{"id":45348,"href":"https:\/\/promochaudiere.be\/nl\/wp-json\/wp\/v2\/product\/14797\/revisions\/45348"}],"wp:featuredmedia":[{"embeddable":true,"href":"https:\/\/promochaudiere.be\/nl\/wp-json\/wp\/v2\/media\/22392"}],"wp:attachment":[{"href":"https:\/\/promochaudiere.be\/nl\/wp-json\/wp\/v2\/media?parent=14797"}],"wp:term":[{"taxonomy":"product_brand","embeddable":true,"href":"https:\/\/promochaudiere.be\/nl\/wp-json\/wp\/v2\/product_brand?post=14797"},{"taxonomy":"product_cat","embeddable":true,"href":"https:\/\/promochaudiere.be\/nl\/wp-json\/wp\/v2\/product_cat?post=14797"},{"taxonomy":"product_tag","embeddable":true,"href":"https:\/\/promochaudiere.be\/nl\/wp-json\/wp\/v2\/product_tag?post=14797"}],"curies":[{"name":"wp","href":"https:\/\/api.w.org\/{rel}","templated":true}]}}