{"id":14801,"date":"2025-01-17T09:54:50","date_gmt":"2025-01-17T09:54:50","guid":{"rendered":"https:\/\/promochaudiere.be\/produit\/dab-circulateur-cc-evosta2-40-70-180-6-4-m230-50-60-60185492\/"},"modified":"2026-02-03T19:40:00","modified_gmt":"2026-02-03T18:40:00","slug":"dab-circulateur-cc-evosta2-40-70-180-6-4-m230-50-60-60185492","status":"publish","type":"product","link":"https:\/\/promochaudiere.be\/nl\/product\/dab-circulateur-cc-evosta2-40-70-180-6-4-m230-50-60-60185492\/","title":{"rendered":"DAB Circulateur CC EVOSTA2 40-70\/180 6\/4&Prime; M230\/50-60 60185492"},"content":{"rendered":"<p>Ce circulateur DAB Evosta2 assure une circulation efficace de l\u2019eau chaude dans les circuits de chauffage. Son moteur basse consommation am\u00e9liore l\u2019efficacit\u00e9 \u00e9nerg\u00e9tique. Id\u00e9al pour les installations domestiques et tertiaires, il assure un confort thermique optimal.<\/p>","protected":false},"excerpt":{"rendered":"<p>DAB Circulateur CC EVOSTA2 40-70\/180 6\/4&Prime; M230\/50-60 60185492<\/p>","protected":false},"featured_media":21699,"comment_status":"open","ping_status":"closed","template":"","meta":[],"product_brand":[],"product_cat":[660,8840],"product_tag":[],"class_list":{"0":"post-14801","1":"product","2":"type-product","3":"status-publish","4":"has-post-thumbnail","6":"product_cat-circulateur","7":"product_cat-test","8":"pa_marque-dab","10":"first","11":"instock","12":"sale","13":"taxable","14":"shipping-taxable","15":"purchasable","16":"product-type-simple"},"aioseo_notices":[],"_links":{"self":[{"href":"https:\/\/promochaudiere.be\/nl\/wp-json\/wp\/v2\/product\/14801","targetHints":{"allow":["GET"]}}],"collection":[{"href":"https:\/\/promochaudiere.be\/nl\/wp-json\/wp\/v2\/product"}],"about":[{"href":"https:\/\/promochaudiere.be\/nl\/wp-json\/wp\/v2\/types\/product"}],"replies":[{"embeddable":true,"href":"https:\/\/promochaudiere.be\/nl\/wp-json\/wp\/v2\/comments?post=14801"}],"version-history":[{"count":1,"href":"https:\/\/promochaudiere.be\/nl\/wp-json\/wp\/v2\/product\/14801\/revisions"}],"predecessor-version":[{"id":45343,"href":"https:\/\/promochaudiere.be\/nl\/wp-json\/wp\/v2\/product\/14801\/revisions\/45343"}],"wp:featuredmedia":[{"embeddable":true,"href":"https:\/\/promochaudiere.be\/nl\/wp-json\/wp\/v2\/media\/21699"}],"wp:attachment":[{"href":"https:\/\/promochaudiere.be\/nl\/wp-json\/wp\/v2\/media?parent=14801"}],"wp:term":[{"taxonomy":"product_brand","embeddable":true,"href":"https:\/\/promochaudiere.be\/nl\/wp-json\/wp\/v2\/product_brand?post=14801"},{"taxonomy":"product_cat","embeddable":true,"href":"https:\/\/promochaudiere.be\/nl\/wp-json\/wp\/v2\/product_cat?post=14801"},{"taxonomy":"product_tag","embeddable":true,"href":"https:\/\/promochaudiere.be\/nl\/wp-json\/wp\/v2\/product_tag?post=14801"}],"curies":[{"name":"wp","href":"https:\/\/api.w.org\/{rel}","templated":true}]}}