{"id":14802,"date":"2025-01-17T09:54:50","date_gmt":"2025-01-17T09:54:50","guid":{"rendered":"https:\/\/promochaudiere.be\/produit\/dab-circulateur-cc-evosta2-40-70-130-6-4-m230-50-60-60186046\/"},"modified":"2026-02-03T18:15:45","modified_gmt":"2026-02-03T17:15:45","slug":"dab-circulateur-cc-evosta2-40-70-130-6-4-m230-50-60-60186046","status":"publish","type":"product","link":"https:\/\/promochaudiere.be\/product\/dab-circulateur-cc-evosta2-40-70-130-6-4-m230-50-60-60186046\/","title":{"rendered":"DAB Circulateur CC EVOSTA2 40-70\/130 6\/4&Prime; M230\/50-60 60186046"},"content":{"rendered":"<p>Avec une taille compacte et une haute efficacit\u00e9, le circulateur DAB Evosta2 40-70\/130 est parfait pour les installations o\u00f9 l\u2019espace est limit\u00e9. Son moteur basse consommation r\u00e9duit les co\u00fbts \u00e9nerg\u00e9tiques.<\/p>","protected":false},"excerpt":{"rendered":"<p>DAB Circulateur CC EVOSTA2 40-70\/130 6\/4&Prime; M230\/50-60 60186046<\/p>","protected":false},"featured_media":21684,"comment_status":"open","ping_status":"closed","template":"","meta":[],"product_brand":[],"product_cat":[660,8840],"product_tag":[],"class_list":{"0":"post-14802","1":"product","2":"type-product","3":"status-publish","4":"has-post-thumbnail","6":"product_cat-circulateur","7":"product_cat-test","8":"pa_marque-dab","10":"first","11":"instock","12":"sale","13":"taxable","14":"shipping-taxable","15":"purchasable","16":"product-type-simple"},"aioseo_notices":[],"_links":{"self":[{"href":"https:\/\/promochaudiere.be\/nl\/wp-json\/wp\/v2\/product\/14802","targetHints":{"allow":["GET"]}}],"collection":[{"href":"https:\/\/promochaudiere.be\/nl\/wp-json\/wp\/v2\/product"}],"about":[{"href":"https:\/\/promochaudiere.be\/nl\/wp-json\/wp\/v2\/types\/product"}],"replies":[{"embeddable":true,"href":"https:\/\/promochaudiere.be\/nl\/wp-json\/wp\/v2\/comments?post=14802"}],"version-history":[{"count":1,"href":"https:\/\/promochaudiere.be\/nl\/wp-json\/wp\/v2\/product\/14802\/revisions"}],"predecessor-version":[{"id":45344,"href":"https:\/\/promochaudiere.be\/nl\/wp-json\/wp\/v2\/product\/14802\/revisions\/45344"}],"wp:featuredmedia":[{"embeddable":true,"href":"https:\/\/promochaudiere.be\/nl\/wp-json\/wp\/v2\/media\/21684"}],"wp:attachment":[{"href":"https:\/\/promochaudiere.be\/nl\/wp-json\/wp\/v2\/media?parent=14802"}],"wp:term":[{"taxonomy":"product_brand","embeddable":true,"href":"https:\/\/promochaudiere.be\/nl\/wp-json\/wp\/v2\/product_brand?post=14802"},{"taxonomy":"product_cat","embeddable":true,"href":"https:\/\/promochaudiere.be\/nl\/wp-json\/wp\/v2\/product_cat?post=14802"},{"taxonomy":"product_tag","embeddable":true,"href":"https:\/\/promochaudiere.be\/nl\/wp-json\/wp\/v2\/product_tag?post=14802"}],"curies":[{"name":"wp","href":"https:\/\/api.w.org\/{rel}","templated":true}]}}