{"id":14804,"date":"2025-01-17T09:54:51","date_gmt":"2025-01-17T09:54:51","guid":{"rendered":"https:\/\/promochaudiere.be\/produit\/separateur-dair-et-de-boues-spirocombi-mb3-3-4-uc075wj\/"},"modified":"2026-02-03T18:15:47","modified_gmt":"2026-02-03T17:15:47","slug":"separateur-dair-et-de-boues-spirocombi-mb3-3-4-uc075wj","status":"publish","type":"product","link":"https:\/\/promochaudiere.be\/nl\/product\/separateur-dair-et-de-boues-spirocombi-mb3-3-4-uc075wj\/","title":{"rendered":"SEPARATEUR D&rsquo;AIR ET DE BOUES SPIROCOMBI MB3 3\/4&Prime; UC075WJ"},"content":{"rendered":"<p>Ce s\u00e9parateur Spirocombi MB3 est con\u00e7u pour \u00e9liminer l\u2019air et les particules de boue dans les circuits hydrauliques. Son format 3\/4&Prime; facilite son int\u00e9gration aux installations existantes. Il r\u00e9duit les risques de colmatage et optimise le rendement des syst\u00e8mes de chauffage. Son corps robuste assure une longue dur\u00e9e de vie et une efficacit\u00e9 constante. Id\u00e9al pour maintenir une installation propre et performante.<\/p>","protected":false},"excerpt":{"rendered":"<p>SEPARATEUR D&rsquo;AIR ET DE BOUES SPIROCOMBI MB3 3\/4&Prime; UC075WJ<\/p>","protected":false},"featured_media":22342,"comment_status":"open","ping_status":"closed","template":"","meta":[],"product_brand":[],"product_cat":[5527,8840],"product_tag":[],"class_list":{"0":"post-14804","1":"product","2":"type-product","3":"status-publish","4":"has-post-thumbnail","6":"product_cat-separation-dair-et-de-boues","7":"product_cat-test","9":"first","10":"instock","11":"sale","12":"taxable","13":"shipping-taxable","14":"purchasable","15":"product-type-simple"},"aioseo_notices":[],"_links":{"self":[{"href":"https:\/\/promochaudiere.be\/nl\/wp-json\/wp\/v2\/product\/14804","targetHints":{"allow":["GET"]}}],"collection":[{"href":"https:\/\/promochaudiere.be\/nl\/wp-json\/wp\/v2\/product"}],"about":[{"href":"https:\/\/promochaudiere.be\/nl\/wp-json\/wp\/v2\/types\/product"}],"replies":[{"embeddable":true,"href":"https:\/\/promochaudiere.be\/nl\/wp-json\/wp\/v2\/comments?post=14804"}],"version-history":[{"count":1,"href":"https:\/\/promochaudiere.be\/nl\/wp-json\/wp\/v2\/product\/14804\/revisions"}],"predecessor-version":[{"id":52932,"href":"https:\/\/promochaudiere.be\/nl\/wp-json\/wp\/v2\/product\/14804\/revisions\/52932"}],"wp:featuredmedia":[{"embeddable":true,"href":"https:\/\/promochaudiere.be\/nl\/wp-json\/wp\/v2\/media\/22342"}],"wp:attachment":[{"href":"https:\/\/promochaudiere.be\/nl\/wp-json\/wp\/v2\/media?parent=14804"}],"wp:term":[{"taxonomy":"product_brand","embeddable":true,"href":"https:\/\/promochaudiere.be\/nl\/wp-json\/wp\/v2\/product_brand?post=14804"},{"taxonomy":"product_cat","embeddable":true,"href":"https:\/\/promochaudiere.be\/nl\/wp-json\/wp\/v2\/product_cat?post=14804"},{"taxonomy":"product_tag","embeddable":true,"href":"https:\/\/promochaudiere.be\/nl\/wp-json\/wp\/v2\/product_tag?post=14804"}],"curies":[{"name":"wp","href":"https:\/\/api.w.org\/{rel}","templated":true}]}}