{"id":14816,"date":"2025-01-17T09:54:57","date_gmt":"2025-01-17T09:54:57","guid":{"rendered":"https:\/\/promochaudiere.be\/produit\/remeha-isense-pro-cr1-4-type-ad258-100013478\/"},"modified":"2026-02-03T18:15:48","modified_gmt":"2026-02-03T17:15:48","slug":"remeha-isense-pro-cr1-4-type-ad258-100013478","status":"publish","type":"product","link":"https:\/\/promochaudiere.be\/nl\/product\/remeha-isense-pro-cr1-4-type-ad258-100013478\/","title":{"rendered":"Remeha iSense pro  cr1 4 type AD258 100013478"},"content":{"rendered":"<p>Ce thermostat iSense Pro Remeha permet une gestion intelligente du chauffage. Son interface intuitive et connect\u00e9e facilite le r\u00e9glage de la temp\u00e9rature. Compatible avec plusieurs mod\u00e8les de chaudi\u00e8res, il optimise la consommation \u00e9nerg\u00e9tique. Un choix parfait pour un confort thermique automatis\u00e9.<\/p>","protected":false},"excerpt":{"rendered":"<p>Remeha iSense pro  cr1 4 type AD258 100013478<\/p>","protected":false},"featured_media":22621,"comment_status":"open","ping_status":"closed","template":"","meta":[],"product_brand":[],"product_cat":[8840,534],"product_tag":[],"class_list":{"0":"post-14816","1":"product","2":"type-product","3":"status-publish","4":"has-post-thumbnail","6":"product_cat-test","7":"product_cat-thermostat-remeha-fr","8":"pa_marque-remeha","10":"first","11":"instock","12":"sale","13":"taxable","14":"shipping-taxable","15":"purchasable","16":"product-type-simple"},"aioseo_notices":[],"_links":{"self":[{"href":"https:\/\/promochaudiere.be\/nl\/wp-json\/wp\/v2\/product\/14816","targetHints":{"allow":["GET"]}}],"collection":[{"href":"https:\/\/promochaudiere.be\/nl\/wp-json\/wp\/v2\/product"}],"about":[{"href":"https:\/\/promochaudiere.be\/nl\/wp-json\/wp\/v2\/types\/product"}],"replies":[{"embeddable":true,"href":"https:\/\/promochaudiere.be\/nl\/wp-json\/wp\/v2\/comments?post=14816"}],"version-history":[{"count":1,"href":"https:\/\/promochaudiere.be\/nl\/wp-json\/wp\/v2\/product\/14816\/revisions"}],"predecessor-version":[{"id":45333,"href":"https:\/\/promochaudiere.be\/nl\/wp-json\/wp\/v2\/product\/14816\/revisions\/45333"}],"wp:featuredmedia":[{"embeddable":true,"href":"https:\/\/promochaudiere.be\/nl\/wp-json\/wp\/v2\/media\/22621"}],"wp:attachment":[{"href":"https:\/\/promochaudiere.be\/nl\/wp-json\/wp\/v2\/media?parent=14816"}],"wp:term":[{"taxonomy":"product_brand","embeddable":true,"href":"https:\/\/promochaudiere.be\/nl\/wp-json\/wp\/v2\/product_brand?post=14816"},{"taxonomy":"product_cat","embeddable":true,"href":"https:\/\/promochaudiere.be\/nl\/wp-json\/wp\/v2\/product_cat?post=14816"},{"taxonomy":"product_tag","embeddable":true,"href":"https:\/\/promochaudiere.be\/nl\/wp-json\/wp\/v2\/product_tag?post=14816"}],"curies":[{"name":"wp","href":"https:\/\/api.w.org\/{rel}","templated":true}]}}