{"id":14819,"date":"2025-01-17T09:54:58","date_gmt":"2025-01-17T09:54:58","guid":{"rendered":"https:\/\/promochaudiere.be\/produit\/separateur-dair-rv2-spirovent-universel-6-4-ua150w\/"},"modified":"2026-02-03T19:40:01","modified_gmt":"2026-02-03T18:40:01","slug":"separateur-dair-rv2-spirovent-universel-6-4-ua150w","status":"publish","type":"product","link":"https:\/\/promochaudiere.be\/nl\/product\/separateur-dair-rv2-spirovent-universel-6-4-ua150w\/","title":{"rendered":"SEPARATEUR D&rsquo;AIR RV2 SPIROVENT UNIVERSEL 6\/4&Prime; UA150W"},"content":{"rendered":"<p>Ce s\u00e9parateur Spirovent RV2 en 6\/4&Prime; est con\u00e7u pour maintenir un r\u00e9seau hydraulique sans air, am\u00e9liorant ainsi l\u2019\u00e9change thermique et r\u00e9duisant les risques de corrosion. Son installation est simple et rapide sur divers syst\u00e8mes de chauffage. Son mat\u00e9riau de fabrication lui conf\u00e8re une haute r\u00e9sistance aux pressions \u00e9lev\u00e9es. Un \u00e9quipement id\u00e9al pour une efficacit\u00e9 \u00e9nerg\u00e9tique accrue et une installation durable.<\/p>","protected":false},"excerpt":{"rendered":"<p>SEPARATEUR D&rsquo;AIR RV2 SPIROVENT UNIVERSEL 6\/4&Prime; UA150W<\/p>","protected":false},"featured_media":22343,"comment_status":"open","ping_status":"closed","template":"","meta":[],"product_brand":[],"product_cat":[5527,8840],"product_tag":[],"class_list":{"0":"post-14819","1":"product","2":"type-product","3":"status-publish","4":"has-post-thumbnail","6":"product_cat-separation-dair-et-de-boues","7":"product_cat-test","9":"first","10":"instock","11":"sale","12":"taxable","13":"shipping-taxable","14":"purchasable","15":"product-type-simple"},"aioseo_notices":[],"_links":{"self":[{"href":"https:\/\/promochaudiere.be\/nl\/wp-json\/wp\/v2\/product\/14819","targetHints":{"allow":["GET"]}}],"collection":[{"href":"https:\/\/promochaudiere.be\/nl\/wp-json\/wp\/v2\/product"}],"about":[{"href":"https:\/\/promochaudiere.be\/nl\/wp-json\/wp\/v2\/types\/product"}],"replies":[{"embeddable":true,"href":"https:\/\/promochaudiere.be\/nl\/wp-json\/wp\/v2\/comments?post=14819"}],"version-history":[{"count":1,"href":"https:\/\/promochaudiere.be\/nl\/wp-json\/wp\/v2\/product\/14819\/revisions"}],"predecessor-version":[{"id":52929,"href":"https:\/\/promochaudiere.be\/nl\/wp-json\/wp\/v2\/product\/14819\/revisions\/52929"}],"wp:featuredmedia":[{"embeddable":true,"href":"https:\/\/promochaudiere.be\/nl\/wp-json\/wp\/v2\/media\/22343"}],"wp:attachment":[{"href":"https:\/\/promochaudiere.be\/nl\/wp-json\/wp\/v2\/media?parent=14819"}],"wp:term":[{"taxonomy":"product_brand","embeddable":true,"href":"https:\/\/promochaudiere.be\/nl\/wp-json\/wp\/v2\/product_brand?post=14819"},{"taxonomy":"product_cat","embeddable":true,"href":"https:\/\/promochaudiere.be\/nl\/wp-json\/wp\/v2\/product_cat?post=14819"},{"taxonomy":"product_tag","embeddable":true,"href":"https:\/\/promochaudiere.be\/nl\/wp-json\/wp\/v2\/product_tag?post=14819"}],"curies":[{"name":"wp","href":"https:\/\/api.w.org\/{rel}","templated":true}]}}