{"id":14820,"date":"2025-01-17T09:54:59","date_gmt":"2025-01-17T09:54:59","guid":{"rendered":"https:\/\/promochaudiere.be\/produit\/bulex-ventilateur-themacondens-f37-50-fas37-1061204\/"},"modified":"2026-02-03T18:15:49","modified_gmt":"2026-02-03T17:15:49","slug":"bulex-ventilateur-themacondens-f37-50-fas37-1061204","status":"publish","type":"product","link":"https:\/\/promochaudiere.be\/nl\/product\/bulex-ventilateur-themacondens-f37-50-fas37-1061204\/","title":{"rendered":"Bulex ventilateur Themacondens F37\/50-FAS37 1061204"},"content":{"rendered":"<p>Ce ventilateur est sp\u00e9cialement con\u00e7u pour les chaudi\u00e8res Themacondens, garantissant une \u00e9vacuation efficace des fum\u00e9es et un fonctionnement s\u00e9curis\u00e9.<\/p>","protected":false},"excerpt":{"rendered":"<p>Bulex ventilateur Themacondens F37\/50-FAS37 1061204<\/p>","protected":false},"featured_media":22397,"comment_status":"open","ping_status":"closed","template":"","meta":[],"product_brand":[],"product_cat":[9507,8840],"product_tag":[],"class_list":{"0":"post-14820","1":"product","2":"type-product","3":"status-publish","4":"has-post-thumbnail","6":"product_cat-pieces-detachees-bulex","7":"product_cat-test","8":"pa_marque-bulex","10":"first","11":"instock","12":"sale","13":"taxable","14":"shipping-taxable","15":"purchasable","16":"product-type-simple"},"aioseo_notices":[],"_links":{"self":[{"href":"https:\/\/promochaudiere.be\/nl\/wp-json\/wp\/v2\/product\/14820","targetHints":{"allow":["GET"]}}],"collection":[{"href":"https:\/\/promochaudiere.be\/nl\/wp-json\/wp\/v2\/product"}],"about":[{"href":"https:\/\/promochaudiere.be\/nl\/wp-json\/wp\/v2\/types\/product"}],"replies":[{"embeddable":true,"href":"https:\/\/promochaudiere.be\/nl\/wp-json\/wp\/v2\/comments?post=14820"}],"version-history":[{"count":1,"href":"https:\/\/promochaudiere.be\/nl\/wp-json\/wp\/v2\/product\/14820\/revisions"}],"predecessor-version":[{"id":45328,"href":"https:\/\/promochaudiere.be\/nl\/wp-json\/wp\/v2\/product\/14820\/revisions\/45328"}],"wp:featuredmedia":[{"embeddable":true,"href":"https:\/\/promochaudiere.be\/nl\/wp-json\/wp\/v2\/media\/22397"}],"wp:attachment":[{"href":"https:\/\/promochaudiere.be\/nl\/wp-json\/wp\/v2\/media?parent=14820"}],"wp:term":[{"taxonomy":"product_brand","embeddable":true,"href":"https:\/\/promochaudiere.be\/nl\/wp-json\/wp\/v2\/product_brand?post=14820"},{"taxonomy":"product_cat","embeddable":true,"href":"https:\/\/promochaudiere.be\/nl\/wp-json\/wp\/v2\/product_cat?post=14820"},{"taxonomy":"product_tag","embeddable":true,"href":"https:\/\/promochaudiere.be\/nl\/wp-json\/wp\/v2\/product_tag?post=14820"}],"curies":[{"name":"wp","href":"https:\/\/api.w.org\/{rel}","templated":true}]}}