{"id":14823,"date":"2025-01-17T09:55:00","date_gmt":"2025-01-17T09:55:00","guid":{"rendered":"https:\/\/promochaudiere.be\/produit\/panneau-frontal-lisse-pour-d-radiateur-uni-8-500-1800-ral-9016-zdcp05018010k\/"},"modified":"2026-02-03T18:15:47","modified_gmt":"2026-02-03T17:15:47","slug":"panneau-frontal-lisse-pour-d-radiateur-uni-8-500-1800-ral-9016-zdcp05018010k","status":"publish","type":"product","link":"https:\/\/promochaudiere.be\/nl\/product\/panneau-frontal-lisse-pour-d-radiateur-uni-8-500-1800-ral-9016-zdcp05018010k\/","title":{"rendered":"PANNEAU FRONTAL LISSE POUR D-RADIATEUR UNI.8 500 1800 RAL 9016 ZDCP05018010K"},"content":{"rendered":"<p>Le panneau frontal lisse est un accessoire \u00e9l\u00e9gant et fonctionnel qui vient sublimer ce radiateur en lui offrant une finition moderne et \u00e9pur\u00e9e. Avec ses lignes nettes et sa surface lisse, il apporte une touche de simplicit\u00e9 et de raffinement, tout en facilitant l&rsquo;entretien gr\u00e2ce \u00e0 son design sans asp\u00e9rit\u00e9. Ce panneau est con\u00e7u pour am\u00e9liorer la diffusion de la chaleur, en optimisant la circulation de l&rsquo;air autour du radiateur, et contribue ainsi \u00e0 une chauffe plus homog\u00e8ne de la pi\u00e8ce. Facile \u00e0 installer, le panneau frontal lisse s\u2019adapte parfaitement aux radiateurs UNI.8, apportant \u00e0 la fois une am\u00e9lioration esth\u00e9tique et une efficacit\u00e9 \u00e9nerg\u00e9tique accrue.<\/p>","protected":false},"excerpt":{"rendered":"<p>PANNEAU FRONTAL LISSE POUR D-RADIATEUR UNI.8 500 1800 RAL 9016 ZDCP05018010K<\/p>","protected":false},"featured_media":21135,"comment_status":"open","ping_status":"closed","template":"","meta":[],"product_brand":[],"product_cat":[9627],"product_tag":[],"class_list":{"0":"post-14823","1":"product","2":"type-product","3":"status-publish","4":"has-post-thumbnail","6":"product_cat-face-avant-plane-pour-radiateur-uni-8","7":"pa_marque-omni-8","9":"first","10":"instock","11":"sale","12":"taxable","13":"shipping-taxable","14":"purchasable","15":"product-type-simple"},"aioseo_notices":[],"_links":{"self":[{"href":"https:\/\/promochaudiere.be\/nl\/wp-json\/wp\/v2\/product\/14823","targetHints":{"allow":["GET"]}}],"collection":[{"href":"https:\/\/promochaudiere.be\/nl\/wp-json\/wp\/v2\/product"}],"about":[{"href":"https:\/\/promochaudiere.be\/nl\/wp-json\/wp\/v2\/types\/product"}],"replies":[{"embeddable":true,"href":"https:\/\/promochaudiere.be\/nl\/wp-json\/wp\/v2\/comments?post=14823"}],"version-history":[{"count":1,"href":"https:\/\/promochaudiere.be\/nl\/wp-json\/wp\/v2\/product\/14823\/revisions"}],"predecessor-version":[{"id":45326,"href":"https:\/\/promochaudiere.be\/nl\/wp-json\/wp\/v2\/product\/14823\/revisions\/45326"}],"wp:featuredmedia":[{"embeddable":true,"href":"https:\/\/promochaudiere.be\/nl\/wp-json\/wp\/v2\/media\/21135"}],"wp:attachment":[{"href":"https:\/\/promochaudiere.be\/nl\/wp-json\/wp\/v2\/media?parent=14823"}],"wp:term":[{"taxonomy":"product_brand","embeddable":true,"href":"https:\/\/promochaudiere.be\/nl\/wp-json\/wp\/v2\/product_brand?post=14823"},{"taxonomy":"product_cat","embeddable":true,"href":"https:\/\/promochaudiere.be\/nl\/wp-json\/wp\/v2\/product_cat?post=14823"},{"taxonomy":"product_tag","embeddable":true,"href":"https:\/\/promochaudiere.be\/nl\/wp-json\/wp\/v2\/product_tag?post=14823"}],"curies":[{"name":"wp","href":"https:\/\/api.w.org\/{rel}","templated":true}]}}