{"id":14825,"date":"2025-01-17T09:55:00","date_gmt":"2025-01-17T09:55:00","guid":{"rendered":"https:\/\/promochaudiere.be\/produit\/vaillant-set-thermostat-vrt51fvr940f-0010035734\/"},"modified":"2026-02-03T19:40:04","modified_gmt":"2026-02-03T18:40:04","slug":"vaillant-set-thermostat-vrt51fvr940f-0010035734","status":"publish","type":"product","link":"https:\/\/promochaudiere.be\/nl\/product\/vaillant-set-thermostat-vrt51fvr940f-0010035734\/","title":{"rendered":"VAILLANT SET THERMOSTAT VRT51F+VR940F 0010035734"},"content":{"rendered":"<p>Ce thermostat sans fil Vaillant VRT51F, accompagn\u00e9 du module VR940F, permet une gestion simplifi\u00e9e du chauffage. Son interface moderne et intuitive assure un r\u00e9glage pr\u00e9cis de la temp\u00e9rature. Connect\u00e9 et programmable, il s\u2019adapte aux habitudes de consommation pour r\u00e9duire les d\u00e9penses \u00e9nerg\u00e9tiques. Facile \u00e0 installer, il am\u00e9liore le confort domestique tout en optimisant le rendement de la chaudi\u00e8re. Une solution intelligente et pratique.<\/p>","protected":false},"excerpt":{"rendered":"<p>VAILLANT SET THERMOSTAT VRT51F+VR940F 0010035734<\/p>","protected":false},"featured_media":21852,"comment_status":"open","ping_status":"closed","template":"","meta":[],"product_brand":[],"product_cat":[8917,8840],"product_tag":[],"class_list":{"0":"post-14825","1":"product","2":"type-product","3":"status-publish","4":"has-post-thumbnail","6":"product_cat-pieces-detachees-vaillant","7":"product_cat-test","8":"pa_marque-vaillant","10":"first","11":"instock","12":"sale","13":"taxable","14":"shipping-taxable","15":"purchasable","16":"product-type-simple"},"aioseo_notices":[],"_links":{"self":[{"href":"https:\/\/promochaudiere.be\/nl\/wp-json\/wp\/v2\/product\/14825","targetHints":{"allow":["GET"]}}],"collection":[{"href":"https:\/\/promochaudiere.be\/nl\/wp-json\/wp\/v2\/product"}],"about":[{"href":"https:\/\/promochaudiere.be\/nl\/wp-json\/wp\/v2\/types\/product"}],"replies":[{"embeddable":true,"href":"https:\/\/promochaudiere.be\/nl\/wp-json\/wp\/v2\/comments?post=14825"}],"version-history":[{"count":1,"href":"https:\/\/promochaudiere.be\/nl\/wp-json\/wp\/v2\/product\/14825\/revisions"}],"predecessor-version":[{"id":52928,"href":"https:\/\/promochaudiere.be\/nl\/wp-json\/wp\/v2\/product\/14825\/revisions\/52928"}],"wp:featuredmedia":[{"embeddable":true,"href":"https:\/\/promochaudiere.be\/nl\/wp-json\/wp\/v2\/media\/21852"}],"wp:attachment":[{"href":"https:\/\/promochaudiere.be\/nl\/wp-json\/wp\/v2\/media?parent=14825"}],"wp:term":[{"taxonomy":"product_brand","embeddable":true,"href":"https:\/\/promochaudiere.be\/nl\/wp-json\/wp\/v2\/product_brand?post=14825"},{"taxonomy":"product_cat","embeddable":true,"href":"https:\/\/promochaudiere.be\/nl\/wp-json\/wp\/v2\/product_cat?post=14825"},{"taxonomy":"product_tag","embeddable":true,"href":"https:\/\/promochaudiere.be\/nl\/wp-json\/wp\/v2\/product_tag?post=14825"}],"curies":[{"name":"wp","href":"https:\/\/api.w.org\/{rel}","templated":true}]}}