{"id":14831,"date":"2025-01-17T09:55:03","date_gmt":"2025-01-17T09:55:03","guid":{"rendered":"https:\/\/promochaudiere.be\/produit\/separateur-dair-et-de-boues-spirocombi-mb3-4-4-uc100wj\/"},"modified":"2026-02-03T18:15:50","modified_gmt":"2026-02-03T17:15:50","slug":"separateur-dair-et-de-boues-spirocombi-mb3-4-4-uc100wj","status":"publish","type":"product","link":"https:\/\/promochaudiere.be\/nl\/product\/separateur-dair-et-de-boues-spirocombi-mb3-4-4-uc100wj\/","title":{"rendered":"SEPARATEUR D&rsquo;AIR ET DE BOUES SPIROCOMBI MB3 4\/4&Prime; UC100WJ"},"content":{"rendered":"<p>Ce s\u00e9parateur Spirocombi MB3 en 1&Prime; garantit une \u00e9limination efficace des impuret\u00e9s et bulles d\u2019air dans les circuits de chauffage. Il r\u00e9duit l\u2019usure des \u00e9quipements et am\u00e9liore la circulation du fluide. Sa conception robuste lui conf\u00e8re une excellente durabilit\u00e9. Facile \u00e0 poser, il optimise la performance \u00e9nerg\u00e9tique des installations. Un accessoire incontournable pour une maintenance r\u00e9duite et une efficacit\u00e9 accrue.<\/p>","protected":false},"excerpt":{"rendered":"<p>SEPARATEUR D&rsquo;AIR ET DE BOUES SPIROCOMBI MB3 4\/4&Prime; UC100WJ<\/p>","protected":false},"featured_media":22341,"comment_status":"open","ping_status":"closed","template":"","meta":[],"product_brand":[],"product_cat":[5527,8840],"product_tag":[],"class_list":{"0":"post-14831","1":"product","2":"type-product","3":"status-publish","4":"has-post-thumbnail","6":"product_cat-separation-dair-et-de-boues","7":"product_cat-test","9":"first","10":"instock","11":"sale","12":"taxable","13":"shipping-taxable","14":"purchasable","15":"product-type-simple"},"aioseo_notices":[],"_links":{"self":[{"href":"https:\/\/promochaudiere.be\/nl\/wp-json\/wp\/v2\/product\/14831","targetHints":{"allow":["GET"]}}],"collection":[{"href":"https:\/\/promochaudiere.be\/nl\/wp-json\/wp\/v2\/product"}],"about":[{"href":"https:\/\/promochaudiere.be\/nl\/wp-json\/wp\/v2\/types\/product"}],"replies":[{"embeddable":true,"href":"https:\/\/promochaudiere.be\/nl\/wp-json\/wp\/v2\/comments?post=14831"}],"version-history":[{"count":1,"href":"https:\/\/promochaudiere.be\/nl\/wp-json\/wp\/v2\/product\/14831\/revisions"}],"predecessor-version":[{"id":52927,"href":"https:\/\/promochaudiere.be\/nl\/wp-json\/wp\/v2\/product\/14831\/revisions\/52927"}],"wp:featuredmedia":[{"embeddable":true,"href":"https:\/\/promochaudiere.be\/nl\/wp-json\/wp\/v2\/media\/22341"}],"wp:attachment":[{"href":"https:\/\/promochaudiere.be\/nl\/wp-json\/wp\/v2\/media?parent=14831"}],"wp:term":[{"taxonomy":"product_brand","embeddable":true,"href":"https:\/\/promochaudiere.be\/nl\/wp-json\/wp\/v2\/product_brand?post=14831"},{"taxonomy":"product_cat","embeddable":true,"href":"https:\/\/promochaudiere.be\/nl\/wp-json\/wp\/v2\/product_cat?post=14831"},{"taxonomy":"product_tag","embeddable":true,"href":"https:\/\/promochaudiere.be\/nl\/wp-json\/wp\/v2\/product_tag?post=14831"}],"curies":[{"name":"wp","href":"https:\/\/api.w.org\/{rel}","templated":true}]}}