{"id":14840,"date":"2025-01-17T09:55:07","date_gmt":"2025-01-17T09:55:07","guid":{"rendered":"https:\/\/promochaudiere.be\/produit\/servomoteur-ara661-pour-vanne-melangeuse-3-voies-esbe-120sec-12101300\/"},"modified":"2026-02-03T18:15:36","modified_gmt":"2026-02-03T17:15:36","slug":"servomoteur-ara661-pour-vanne-melangeuse-3-voies-esbe-120sec-12101300","status":"publish","type":"product","link":"https:\/\/promochaudiere.be\/nl\/product\/servomoteur-ara661-pour-vanne-melangeuse-3-voies-esbe-120sec-12101300\/","title":{"rendered":"SERVOMOTEUR ARA661 POUR VANNE MELANGEUSE 3 VOIES ESBE 120SEC 12101300"},"content":{"rendered":"<p>Ce servomoteur ESBE ARA661 est con\u00e7u pour automatiser le fonctionnement des vannes m\u00e9langeuses 3 voies. Il assure un ajustement pr\u00e9cis des d\u00e9bits pour optimiser le rendement \u00e9nerg\u00e9tique. Son installation est simple et rapide gr\u00e2ce \u00e0 sa compatibilit\u00e9 universelle. Son moteur puissant garantit une long\u00e9vit\u00e9 maximale. Un choix id\u00e9al pour une r\u00e9gulation thermique efficace et \u00e9conomique.<\/p>","protected":false},"excerpt":{"rendered":"<p>SERVOMOTEUR ARA661 POUR VANNE MELANGEUSE 3 VOIES ESBE 120SEC 12101300<\/p>","protected":false},"featured_media":22345,"comment_status":"open","ping_status":"closed","template":"","meta":[],"product_brand":[],"product_cat":[8840,5519],"product_tag":[],"class_list":{"0":"post-14840","1":"product","2":"type-product","3":"status-publish","4":"has-post-thumbnail","6":"product_cat-test","7":"product_cat-vanne","9":"first","10":"instock","11":"sale","12":"taxable","13":"shipping-taxable","14":"purchasable","15":"product-type-simple"},"aioseo_notices":[],"_links":{"self":[{"href":"https:\/\/promochaudiere.be\/nl\/wp-json\/wp\/v2\/product\/14840","targetHints":{"allow":["GET"]}}],"collection":[{"href":"https:\/\/promochaudiere.be\/nl\/wp-json\/wp\/v2\/product"}],"about":[{"href":"https:\/\/promochaudiere.be\/nl\/wp-json\/wp\/v2\/types\/product"}],"replies":[{"embeddable":true,"href":"https:\/\/promochaudiere.be\/nl\/wp-json\/wp\/v2\/comments?post=14840"}],"version-history":[{"count":1,"href":"https:\/\/promochaudiere.be\/nl\/wp-json\/wp\/v2\/product\/14840\/revisions"}],"predecessor-version":[{"id":52922,"href":"https:\/\/promochaudiere.be\/nl\/wp-json\/wp\/v2\/product\/14840\/revisions\/52922"}],"wp:featuredmedia":[{"embeddable":true,"href":"https:\/\/promochaudiere.be\/nl\/wp-json\/wp\/v2\/media\/22345"}],"wp:attachment":[{"href":"https:\/\/promochaudiere.be\/nl\/wp-json\/wp\/v2\/media?parent=14840"}],"wp:term":[{"taxonomy":"product_brand","embeddable":true,"href":"https:\/\/promochaudiere.be\/nl\/wp-json\/wp\/v2\/product_brand?post=14840"},{"taxonomy":"product_cat","embeddable":true,"href":"https:\/\/promochaudiere.be\/nl\/wp-json\/wp\/v2\/product_cat?post=14840"},{"taxonomy":"product_tag","embeddable":true,"href":"https:\/\/promochaudiere.be\/nl\/wp-json\/wp\/v2\/product_tag?post=14840"}],"curies":[{"name":"wp","href":"https:\/\/api.w.org\/{rel}","templated":true}]}}