{"id":14844,"date":"2025-01-17T09:55:08","date_gmt":"2025-01-17T09:55:08","guid":{"rendered":"https:\/\/promochaudiere.be\/produit\/heatpex-connect-flexible-de-ventilation-rouleau-50m-90mm-52009005000w\/"},"modified":"2026-02-13T22:26:11","modified_gmt":"2026-02-13T21:26:11","slug":"heatpex-connect-flexible-de-ventilation-rouleau-50m-90mm-52009005000w","status":"publish","type":"product","link":"https:\/\/promochaudiere.be\/nl\/product\/heatpex-connect-flexible-de-ventilation-rouleau-50m-90mm-52009005000w\/","title":{"rendered":"HEATPEX CONNECT FLEXIBELE VENTILATIESLANG 50M 90MM 52009005000W"},"content":{"rendered":"<p>Ce conduit flexible Heatpex Connect est sp\u00e9cialement con\u00e7u pour les r\u00e9seaux de ventilation n\u00e9cessitant un diam\u00e8tre plus large. Avec un \u00d890mm et une longueur de 50m, il permet un d\u00e9bit d\u2019air important tout en garantissant une installation simple et efficace. Sa conception r\u00e9sistante r\u00e9duit les risques d\u2019\u00e9crasement et assure une long\u00e9vit\u00e9 optimale. Facile \u00e0 manipuler, il convient aux syst\u00e8mes de ventilation r\u00e9sidentiels et professionnels. Un choix id\u00e9al pour un flux d\u2019air optimis\u00e9 et une meilleure qualit\u00e9 de l\u2019air int\u00e9rieur.<\/p>","protected":false},"excerpt":{"rendered":"<p>HEATPEX CONNECT FLEXIBELE VENTILATIESLANG 50M 90MM 52009005000W<\/p>","protected":false},"featured_media":22137,"comment_status":"closed","ping_status":"closed","template":"","meta":[],"product_brand":[],"product_cat":[8840,10947],"product_tag":[],"class_list":{"0":"post-14844","1":"product","2":"type-product","3":"status-publish","4":"has-post-thumbnail","6":"product_cat-test","7":"product_cat-ventilation-heatpex","8":"pa_marque-heatpex","10":"first","11":"instock","12":"sale","13":"taxable","14":"shipping-taxable","15":"purchasable","16":"product-type-simple"},"aioseo_notices":[],"_links":{"self":[{"href":"https:\/\/promochaudiere.be\/nl\/wp-json\/wp\/v2\/product\/14844","targetHints":{"allow":["GET"]}}],"collection":[{"href":"https:\/\/promochaudiere.be\/nl\/wp-json\/wp\/v2\/product"}],"about":[{"href":"https:\/\/promochaudiere.be\/nl\/wp-json\/wp\/v2\/types\/product"}],"replies":[{"embeddable":true,"href":"https:\/\/promochaudiere.be\/nl\/wp-json\/wp\/v2\/comments?post=14844"}],"version-history":[{"count":2,"href":"https:\/\/promochaudiere.be\/nl\/wp-json\/wp\/v2\/product\/14844\/revisions"}],"predecessor-version":[{"id":53766,"href":"https:\/\/promochaudiere.be\/nl\/wp-json\/wp\/v2\/product\/14844\/revisions\/53766"}],"wp:featuredmedia":[{"embeddable":true,"href":"https:\/\/promochaudiere.be\/nl\/wp-json\/wp\/v2\/media\/22137"}],"wp:attachment":[{"href":"https:\/\/promochaudiere.be\/nl\/wp-json\/wp\/v2\/media?parent=14844"}],"wp:term":[{"taxonomy":"product_brand","embeddable":true,"href":"https:\/\/promochaudiere.be\/nl\/wp-json\/wp\/v2\/product_brand?post=14844"},{"taxonomy":"product_cat","embeddable":true,"href":"https:\/\/promochaudiere.be\/nl\/wp-json\/wp\/v2\/product_cat?post=14844"},{"taxonomy":"product_tag","embeddable":true,"href":"https:\/\/promochaudiere.be\/nl\/wp-json\/wp\/v2\/product_tag?post=14844"}],"curies":[{"name":"wp","href":"https:\/\/api.w.org\/{rel}","templated":true}]}}