{"id":14851,"date":"2025-01-17T09:55:11","date_gmt":"2025-01-17T09:55:11","guid":{"rendered":"https:\/\/promochaudiere.be\/produit\/remeha-clapet-anti-retour-80-125mm-pour-initia-plus-7626581\/"},"modified":"2026-02-03T18:15:53","modified_gmt":"2026-02-03T17:15:53","slug":"remeha-clapet-anti-retour-80-125mm-pour-initia-plus-7626581","status":"publish","type":"product","link":"https:\/\/promochaudiere.be\/nl\/product\/remeha-clapet-anti-retour-80-125mm-pour-initia-plus-7626581\/","title":{"rendered":"REMEHA CLAPET ANTI-RETOUR 80\/125MM POUR INITIA PLUS 7626581"},"content":{"rendered":"<p>Ce clapet anti-retour Remeha est con\u00e7u pour emp\u00eacher le reflux des gaz d\u2019\u00e9vacuation dans les syst\u00e8mes de chauffage. Compatible avec les conduits de 80\/125mm, il garantit une installation s\u00e9curis\u00e9e et efficace. Fabriqu\u00e9 en mat\u00e9riau r\u00e9sistant aux temp\u00e9ratures \u00e9lev\u00e9es, il assure une \u00e9tanch\u00e9it\u00e9 optimale. Son montage est rapide et s\u2019adapte aux chaudi\u00e8res Remeha Initia Plus. Id\u00e9al pour une meilleure s\u00e9curit\u00e9 et un fonctionnement optimal du syst\u00e8me de chauffage.<\/p>","protected":false},"excerpt":{"rendered":"<p>REMEHA CLAPET ANTI-RETOUR 80\/125MM POUR INITIA PLUS 7626581<\/p>","protected":false},"featured_media":22110,"comment_status":"open","ping_status":"closed","template":"","meta":[],"product_brand":[],"product_cat":[9527,8840],"product_tag":[],"class_list":{"0":"post-14851","1":"product","2":"type-product","3":"status-publish","4":"has-post-thumbnail","6":"product_cat-accessoire-remeha","7":"product_cat-test","8":"pa_marque-remeha","10":"first","11":"instock","12":"sale","13":"taxable","14":"shipping-taxable","15":"purchasable","16":"product-type-simple"},"aioseo_notices":[],"_links":{"self":[{"href":"https:\/\/promochaudiere.be\/nl\/wp-json\/wp\/v2\/product\/14851","targetHints":{"allow":["GET"]}}],"collection":[{"href":"https:\/\/promochaudiere.be\/nl\/wp-json\/wp\/v2\/product"}],"about":[{"href":"https:\/\/promochaudiere.be\/nl\/wp-json\/wp\/v2\/types\/product"}],"replies":[{"embeddable":true,"href":"https:\/\/promochaudiere.be\/nl\/wp-json\/wp\/v2\/comments?post=14851"}],"version-history":[{"count":1,"href":"https:\/\/promochaudiere.be\/nl\/wp-json\/wp\/v2\/product\/14851\/revisions"}],"predecessor-version":[{"id":45305,"href":"https:\/\/promochaudiere.be\/nl\/wp-json\/wp\/v2\/product\/14851\/revisions\/45305"}],"wp:featuredmedia":[{"embeddable":true,"href":"https:\/\/promochaudiere.be\/nl\/wp-json\/wp\/v2\/media\/22110"}],"wp:attachment":[{"href":"https:\/\/promochaudiere.be\/nl\/wp-json\/wp\/v2\/media?parent=14851"}],"wp:term":[{"taxonomy":"product_brand","embeddable":true,"href":"https:\/\/promochaudiere.be\/nl\/wp-json\/wp\/v2\/product_brand?post=14851"},{"taxonomy":"product_cat","embeddable":true,"href":"https:\/\/promochaudiere.be\/nl\/wp-json\/wp\/v2\/product_cat?post=14851"},{"taxonomy":"product_tag","embeddable":true,"href":"https:\/\/promochaudiere.be\/nl\/wp-json\/wp\/v2\/product_tag?post=14851"}],"curies":[{"name":"wp","href":"https:\/\/api.w.org\/{rel}","templated":true}]}}