{"id":14853,"date":"2025-01-17T09:55:12","date_gmt":"2025-01-17T09:55:12","guid":{"rendered":"https:\/\/promochaudiere.be\/produit\/duco-capteur-integre-co2-pour-ducobox-silent-connect-00004216\/"},"modified":"2026-02-03T18:15:51","modified_gmt":"2026-02-03T17:15:51","slug":"duco-capteur-integre-co2-pour-ducobox-silent-connect-00004216","status":"publish","type":"product","link":"https:\/\/promochaudiere.be\/nl\/product\/duco-capteur-integre-co2-pour-ducobox-silent-connect-00004216\/","title":{"rendered":"DUCO CAPTEUR INTEGRE CO2 POUR DUCOBOX SILENT CONNECT 00004216"},"content":{"rendered":"<p>Ce capteur int\u00e9gr\u00e9 CO2 est sp\u00e9cialement con\u00e7u pour \u00eatre utilis\u00e9 avec la DucoBox Silent Connect. Il surveille en continu la concentration de CO2 et ajuste automatiquement le d\u00e9bit de ventilation en cons\u00e9quence. Son fonctionnement intelligent permet d\u2019optimiser la qualit\u00e9 de l\u2019air int\u00e9rieur tout en r\u00e9duisant la consommation \u00e9nerg\u00e9tique. Compact et discret, il s\u2019int\u00e8gre parfaitement dans les syst\u00e8mes de ventilation centralis\u00e9e. Son installation est simple et ne n\u00e9cessite aucune configuration complexe. Un \u00e9l\u00e9ment essentiel pour garantir un air frais et sain en permanence.<\/p>","protected":false},"excerpt":{"rendered":"<p>DUCO CAPTEUR INTEGRE CO2 POUR DUCOBOX SILENT CONNECT 00004216<\/p>","protected":false},"featured_media":22099,"comment_status":"open","ping_status":"closed","template":"","meta":[],"product_brand":[],"product_cat":[10943,8840],"product_tag":[],"class_list":{"0":"post-14853","1":"product","2":"type-product","3":"status-publish","4":"has-post-thumbnail","6":"product_cat-accessoires-duco","7":"product_cat-test","8":"pa_marque-duco","10":"first","11":"instock","12":"sale","13":"taxable","14":"shipping-taxable","15":"purchasable","16":"product-type-simple"},"aioseo_notices":[],"_links":{"self":[{"href":"https:\/\/promochaudiere.be\/nl\/wp-json\/wp\/v2\/product\/14853","targetHints":{"allow":["GET"]}}],"collection":[{"href":"https:\/\/promochaudiere.be\/nl\/wp-json\/wp\/v2\/product"}],"about":[{"href":"https:\/\/promochaudiere.be\/nl\/wp-json\/wp\/v2\/types\/product"}],"replies":[{"embeddable":true,"href":"https:\/\/promochaudiere.be\/nl\/wp-json\/wp\/v2\/comments?post=14853"}],"version-history":[{"count":1,"href":"https:\/\/promochaudiere.be\/nl\/wp-json\/wp\/v2\/product\/14853\/revisions"}],"predecessor-version":[{"id":45303,"href":"https:\/\/promochaudiere.be\/nl\/wp-json\/wp\/v2\/product\/14853\/revisions\/45303"}],"wp:featuredmedia":[{"embeddable":true,"href":"https:\/\/promochaudiere.be\/nl\/wp-json\/wp\/v2\/media\/22099"}],"wp:attachment":[{"href":"https:\/\/promochaudiere.be\/nl\/wp-json\/wp\/v2\/media?parent=14853"}],"wp:term":[{"taxonomy":"product_brand","embeddable":true,"href":"https:\/\/promochaudiere.be\/nl\/wp-json\/wp\/v2\/product_brand?post=14853"},{"taxonomy":"product_cat","embeddable":true,"href":"https:\/\/promochaudiere.be\/nl\/wp-json\/wp\/v2\/product_cat?post=14853"},{"taxonomy":"product_tag","embeddable":true,"href":"https:\/\/promochaudiere.be\/nl\/wp-json\/wp\/v2\/product_tag?post=14853"}],"curies":[{"name":"wp","href":"https:\/\/api.w.org\/{rel}","templated":true}]}}