{"id":14857,"date":"2025-01-17T09:55:13","date_gmt":"2025-01-17T09:55:13","guid":{"rendered":"https:\/\/promochaudiere.be\/produit\/soler-palau-ventilateur-pour-salle-de-bains-plus-hygrostat-silent-100-chz-design-5210603300\/"},"modified":"2026-02-03T19:40:03","modified_gmt":"2026-02-03T18:40:03","slug":"soler-palau-ventilateur-pour-salle-de-bains-plus-hygrostat-silent-100-chz-design-5210603300","status":"publish","type":"product","link":"https:\/\/promochaudiere.be\/nl\/product\/soler-palau-ventilateur-pour-salle-de-bains-plus-hygrostat-silent-100-chz-design-5210603300\/","title":{"rendered":"SOLER &#038; PALAU VENTILATEUR POUR SALLE DE BAINS plus HYGROSTAT SILENT-100 CHZ DESIGN 5210603300"},"content":{"rendered":"<p>Ce ventilateur Soler &#038; Palau est con\u00e7u pour assurer une ventilation optimale des salles de bains. Son diam\u00e8tre de 100mm permet une extraction efficace de l\u2019humidit\u00e9 et des odeurs. Son moteur performant garantit un fonctionnement silencieux et \u00e9conome en \u00e9nergie. Facile \u00e0 installer, il s\u2019int\u00e8gre parfaitement aux syst\u00e8mes de ventilation modernes. Id\u00e9al pour maintenir un air sain et \u00e9viter les probl\u00e8mes de condensation. Un choix parfait pour une a\u00e9ration efficace et discr\u00e8te.<\/p>","protected":false},"excerpt":{"rendered":"<p>SOLER &#038; PALAU VENTILATEUR POUR SALLE DE BAINS plus HYGROSTAT SILENT-100 CHZ DESIGN 5210603300<\/p>","protected":false},"featured_media":22400,"comment_status":"open","ping_status":"closed","template":"","meta":[],"product_brand":[],"product_cat":[5535,8840],"product_tag":[],"class_list":{"0":"post-14857","1":"product","2":"type-product","3":"status-publish","4":"has-post-thumbnail","6":"product_cat-extracteur","7":"product_cat-test","8":"pa_marque-soler-palau","10":"first","11":"instock","12":"sale","13":"taxable","14":"shipping-taxable","15":"purchasable","16":"product-type-simple"},"aioseo_notices":[],"_links":{"self":[{"href":"https:\/\/promochaudiere.be\/nl\/wp-json\/wp\/v2\/product\/14857","targetHints":{"allow":["GET"]}}],"collection":[{"href":"https:\/\/promochaudiere.be\/nl\/wp-json\/wp\/v2\/product"}],"about":[{"href":"https:\/\/promochaudiere.be\/nl\/wp-json\/wp\/v2\/types\/product"}],"replies":[{"embeddable":true,"href":"https:\/\/promochaudiere.be\/nl\/wp-json\/wp\/v2\/comments?post=14857"}],"version-history":[{"count":1,"href":"https:\/\/promochaudiere.be\/nl\/wp-json\/wp\/v2\/product\/14857\/revisions"}],"predecessor-version":[{"id":52920,"href":"https:\/\/promochaudiere.be\/nl\/wp-json\/wp\/v2\/product\/14857\/revisions\/52920"}],"wp:featuredmedia":[{"embeddable":true,"href":"https:\/\/promochaudiere.be\/nl\/wp-json\/wp\/v2\/media\/22400"}],"wp:attachment":[{"href":"https:\/\/promochaudiere.be\/nl\/wp-json\/wp\/v2\/media?parent=14857"}],"wp:term":[{"taxonomy":"product_brand","embeddable":true,"href":"https:\/\/promochaudiere.be\/nl\/wp-json\/wp\/v2\/product_brand?post=14857"},{"taxonomy":"product_cat","embeddable":true,"href":"https:\/\/promochaudiere.be\/nl\/wp-json\/wp\/v2\/product_cat?post=14857"},{"taxonomy":"product_tag","embeddable":true,"href":"https:\/\/promochaudiere.be\/nl\/wp-json\/wp\/v2\/product_tag?post=14857"}],"curies":[{"name":"wp","href":"https:\/\/api.w.org\/{rel}","templated":true}]}}