{"id":14859,"date":"2025-01-17T09:55:14","date_gmt":"2025-01-17T09:55:14","guid":{"rendered":"https:\/\/promochaudiere.be\/produit\/vaillant-commande-a-distance-sans-fil-sensocomfort-remote-vr-92f-0020260940\/"},"modified":"2026-02-03T19:40:03","modified_gmt":"2026-02-03T18:40:03","slug":"vaillant-commande-a-distance-sans-fil-sensocomfort-remote-vr-92f-0020260940","status":"publish","type":"product","link":"https:\/\/promochaudiere.be\/nl\/product\/vaillant-commande-a-distance-sans-fil-sensocomfort-remote-vr-92f-0020260940\/","title":{"rendered":"VAILLANT COMMANDE A DISTANCE SANS FIL SENSOCOMFORT REMOTE VR 92F 0020260940"},"content":{"rendered":"<p>Ce mod\u00e8le sans fil de la commande SensoComfort permet une gestion flexible du chauffage depuis n\u2019importe quelle pi\u00e8ce. Il assure un contr\u00f4le intelligent de la temp\u00e9rature pour r\u00e9duire la consommation d\u2019\u00e9nergie. Facile \u00e0 utiliser, il garantit un confort thermique optimal. Un accessoire id\u00e9al pour une maison connect\u00e9e.<\/p>","protected":false},"excerpt":{"rendered":"<p>VAILLANT COMMANDE A DISTANCE SANS FIL SENSOCOMFORT REMOTE VR 92F 0020260940<\/p>","protected":false},"featured_media":21792,"comment_status":"open","ping_status":"closed","template":"","meta":[],"product_brand":[],"product_cat":[8840,532],"product_tag":[],"class_list":{"0":"post-14859","1":"product","2":"type-product","3":"status-publish","4":"has-post-thumbnail","6":"product_cat-test","7":"product_cat-thermostat-vaillant-fr","8":"pa_marque-vaillant","10":"first","11":"instock","12":"sale","13":"taxable","14":"shipping-taxable","15":"purchasable","16":"product-type-simple"},"aioseo_notices":[],"_links":{"self":[{"href":"https:\/\/promochaudiere.be\/nl\/wp-json\/wp\/v2\/product\/14859","targetHints":{"allow":["GET"]}}],"collection":[{"href":"https:\/\/promochaudiere.be\/nl\/wp-json\/wp\/v2\/product"}],"about":[{"href":"https:\/\/promochaudiere.be\/nl\/wp-json\/wp\/v2\/types\/product"}],"replies":[{"embeddable":true,"href":"https:\/\/promochaudiere.be\/nl\/wp-json\/wp\/v2\/comments?post=14859"}],"version-history":[{"count":1,"href":"https:\/\/promochaudiere.be\/nl\/wp-json\/wp\/v2\/product\/14859\/revisions"}],"predecessor-version":[{"id":52919,"href":"https:\/\/promochaudiere.be\/nl\/wp-json\/wp\/v2\/product\/14859\/revisions\/52919"}],"wp:featuredmedia":[{"embeddable":true,"href":"https:\/\/promochaudiere.be\/nl\/wp-json\/wp\/v2\/media\/21792"}],"wp:attachment":[{"href":"https:\/\/promochaudiere.be\/nl\/wp-json\/wp\/v2\/media?parent=14859"}],"wp:term":[{"taxonomy":"product_brand","embeddable":true,"href":"https:\/\/promochaudiere.be\/nl\/wp-json\/wp\/v2\/product_brand?post=14859"},{"taxonomy":"product_cat","embeddable":true,"href":"https:\/\/promochaudiere.be\/nl\/wp-json\/wp\/v2\/product_cat?post=14859"},{"taxonomy":"product_tag","embeddable":true,"href":"https:\/\/promochaudiere.be\/nl\/wp-json\/wp\/v2\/product_tag?post=14859"}],"curies":[{"name":"wp","href":"https:\/\/api.w.org\/{rel}","templated":true}]}}