{"id":14867,"date":"2025-01-17T09:55:18","date_gmt":"2025-01-17T09:55:18","guid":{"rendered":"https:\/\/promochaudiere.be\/produit\/bulex-echangeur-sanitaire-avec-28-plaques-pour-bulex-thermomaster-0020046957\/"},"modified":"2026-02-03T18:15:52","modified_gmt":"2026-02-03T17:15:52","slug":"bulex-echangeur-sanitaire-avec-28-plaques-pour-bulex-thermomaster-0020046957","status":"publish","type":"product","link":"https:\/\/promochaudiere.be\/nl\/product\/bulex-echangeur-sanitaire-avec-28-plaques-pour-bulex-thermomaster-0020046957\/","title":{"rendered":"Bulex \u00e9changeur sanitaire avec 28 plaques pour Bulex Thermomaster 0020046957"},"content":{"rendered":"<p>Cet \u00e9changeur sanitaire Bulex \u00e0 28 plaques garantit une mont\u00e9e rapide en temp\u00e9rature pour une production d\u2019eau chaude efficace. Il assure un transfert thermique optimal et r\u00e9duit la consommation \u00e9nerg\u00e9tique. Facile \u00e0 entretenir, il am\u00e9liore le rendement global des chaudi\u00e8res. Un choix id\u00e9al pour optimiser les performances du syst\u00e8me.<\/p>","protected":false},"excerpt":{"rendered":"<p>Bulex \u00e9changeur sanitaire avec 28 plaques pour Bulex Thermomaster 0020046957<\/p>","protected":false},"featured_media":21884,"comment_status":"open","ping_status":"closed","template":"","meta":[],"product_brand":[],"product_cat":[9507,8840],"product_tag":[],"class_list":{"0":"post-14867","1":"product","2":"type-product","3":"status-publish","4":"has-post-thumbnail","6":"product_cat-pieces-detachees-bulex","7":"product_cat-test","8":"pa_marque-bulex","10":"first","11":"instock","12":"sale","13":"taxable","14":"shipping-taxable","15":"purchasable","16":"product-type-simple"},"aioseo_notices":[],"_links":{"self":[{"href":"https:\/\/promochaudiere.be\/nl\/wp-json\/wp\/v2\/product\/14867","targetHints":{"allow":["GET"]}}],"collection":[{"href":"https:\/\/promochaudiere.be\/nl\/wp-json\/wp\/v2\/product"}],"about":[{"href":"https:\/\/promochaudiere.be\/nl\/wp-json\/wp\/v2\/types\/product"}],"replies":[{"embeddable":true,"href":"https:\/\/promochaudiere.be\/nl\/wp-json\/wp\/v2\/comments?post=14867"}],"version-history":[{"count":1,"href":"https:\/\/promochaudiere.be\/nl\/wp-json\/wp\/v2\/product\/14867\/revisions"}],"predecessor-version":[{"id":45292,"href":"https:\/\/promochaudiere.be\/nl\/wp-json\/wp\/v2\/product\/14867\/revisions\/45292"}],"wp:featuredmedia":[{"embeddable":true,"href":"https:\/\/promochaudiere.be\/nl\/wp-json\/wp\/v2\/media\/21884"}],"wp:attachment":[{"href":"https:\/\/promochaudiere.be\/nl\/wp-json\/wp\/v2\/media?parent=14867"}],"wp:term":[{"taxonomy":"product_brand","embeddable":true,"href":"https:\/\/promochaudiere.be\/nl\/wp-json\/wp\/v2\/product_brand?post=14867"},{"taxonomy":"product_cat","embeddable":true,"href":"https:\/\/promochaudiere.be\/nl\/wp-json\/wp\/v2\/product_cat?post=14867"},{"taxonomy":"product_tag","embeddable":true,"href":"https:\/\/promochaudiere.be\/nl\/wp-json\/wp\/v2\/product_tag?post=14867"}],"curies":[{"name":"wp","href":"https:\/\/api.w.org\/{rel}","templated":true}]}}