{"id":14869,"date":"2025-01-17T09:55:18","date_gmt":"2025-01-17T09:55:18","guid":{"rendered":"https:\/\/promochaudiere.be\/produit\/spirotech-separateur-de-boues-plus-aimant-exterieure-mb3-spirotrap-5-4-ue125wj\/"},"modified":"2026-02-03T19:40:03","modified_gmt":"2026-02-03T18:40:03","slug":"spirotech-separateur-de-boues-plus-aimant-exterieure-mb3-spirotrap-5-4-ue125wj","status":"publish","type":"product","link":"https:\/\/promochaudiere.be\/nl\/product\/spirotech-separateur-de-boues-plus-aimant-exterieure-mb3-spirotrap-5-4-ue125wj\/","title":{"rendered":"Spirotech s\u00e9parateur de boues plus aimant ext\u00e9rieure mb3 Spirotrap 5\/4  UE125WJ"},"content":{"rendered":"<p>Ce s\u00e9parateur de boues Spirotech est con\u00e7u pour \u00e9liminer les impuret\u00e9s dans les circuits hydrauliques. Son aimant externe capture les particules m\u00e9talliques, r\u00e9duisant l\u2019encrassement des \u00e9quipements. Son raccordement en 1&Prime;1\/4 assure une compatibilit\u00e9 avec les installations modernes. Il am\u00e9liore la circulation du fluide et optimise la consommation \u00e9nerg\u00e9tique. Facile \u00e0 poser, il garantit une maintenance simplifi\u00e9e. Un accessoire essentiel pour prolonger la dur\u00e9e de vie des syst\u00e8mes de chauffage.<\/p>","protected":false},"excerpt":{"rendered":"<p>Spirotech s\u00e9parateur de boues plus aimant ext\u00e9rieure mb3 Spirotrap 5\/4  UE125WJ<\/p>","protected":false},"featured_media":22337,"comment_status":"open","ping_status":"closed","template":"","meta":[],"product_brand":[],"product_cat":[5527,8840],"product_tag":[],"class_list":{"0":"post-14869","1":"product","2":"type-product","3":"status-publish","4":"has-post-thumbnail","6":"product_cat-separation-dair-et-de-boues","7":"product_cat-test","8":"pa_marque-spirotech","10":"first","11":"instock","12":"sale","13":"taxable","14":"shipping-taxable","15":"purchasable","16":"product-type-simple"},"aioseo_notices":[],"_links":{"self":[{"href":"https:\/\/promochaudiere.be\/nl\/wp-json\/wp\/v2\/product\/14869","targetHints":{"allow":["GET"]}}],"collection":[{"href":"https:\/\/promochaudiere.be\/nl\/wp-json\/wp\/v2\/product"}],"about":[{"href":"https:\/\/promochaudiere.be\/nl\/wp-json\/wp\/v2\/types\/product"}],"replies":[{"embeddable":true,"href":"https:\/\/promochaudiere.be\/nl\/wp-json\/wp\/v2\/comments?post=14869"}],"version-history":[{"count":1,"href":"https:\/\/promochaudiere.be\/nl\/wp-json\/wp\/v2\/product\/14869\/revisions"}],"predecessor-version":[{"id":52918,"href":"https:\/\/promochaudiere.be\/nl\/wp-json\/wp\/v2\/product\/14869\/revisions\/52918"}],"wp:featuredmedia":[{"embeddable":true,"href":"https:\/\/promochaudiere.be\/nl\/wp-json\/wp\/v2\/media\/22337"}],"wp:attachment":[{"href":"https:\/\/promochaudiere.be\/nl\/wp-json\/wp\/v2\/media?parent=14869"}],"wp:term":[{"taxonomy":"product_brand","embeddable":true,"href":"https:\/\/promochaudiere.be\/nl\/wp-json\/wp\/v2\/product_brand?post=14869"},{"taxonomy":"product_cat","embeddable":true,"href":"https:\/\/promochaudiere.be\/nl\/wp-json\/wp\/v2\/product_cat?post=14869"},{"taxonomy":"product_tag","embeddable":true,"href":"https:\/\/promochaudiere.be\/nl\/wp-json\/wp\/v2\/product_tag?post=14869"}],"curies":[{"name":"wp","href":"https:\/\/api.w.org\/{rel}","templated":true}]}}