{"id":14883,"date":"2025-01-17T09:55:24","date_gmt":"2025-01-17T09:55:24","guid":{"rendered":"https:\/\/promochaudiere.be\/produit\/bosch-bouteille-casse-pression-avec-isolation-why-80-60-avec-une-debit-maximale-de-2500l-h-8718599385\/"},"modified":"2026-02-03T19:40:04","modified_gmt":"2026-02-03T18:40:04","slug":"bosch-bouteille-casse-pression-avec-isolation-why-80-60-avec-une-debit-maximale-de-2500l-h-8718599385","status":"publish","type":"product","link":"https:\/\/promochaudiere.be\/nl\/product\/bosch-bouteille-casse-pression-avec-isolation-why-80-60-avec-une-debit-maximale-de-2500l-h-8718599385\/","title":{"rendered":"BOSCH BOUTEILLE CASSE-PRESSION AVEC ISOLATION WHY 80\/60 AVEC UNE DEBIT MAXIMALE DE 2500L\/H 8718599385"},"content":{"rendered":"<p>Assurez un \u00e9quilibre parfait dans votre circuit hydraulique avec la bouteille casse-pression Bosch. Son r\u00f4le essentiel est de s\u00e9parer les flux pour \u00e9viter les perturbations et am\u00e9liorer l\u2019efficacit\u00e9 du syst\u00e8me. Gr\u00e2ce \u00e0 son isolation performante, elle limite les pertes thermiques et optimise votre consommation \u00e9nerg\u00e9tique. Con\u00e7ue avec des mat\u00e9riaux de haute qualit\u00e9, elle garantit une r\u00e9sistance durable. Facile \u00e0 installer, elle s\u2019adapte \u00e0 diff\u00e9rentes configurations.<\/p>","protected":false},"excerpt":{"rendered":"<p>BOSCH BOUTEILLE CASSE-PRESSION AVEC ISOLATION WHY 80\/60 AVEC UNE DEBIT MAXIMALE DE 2500L\/H 8718599385<\/p>","protected":false},"featured_media":21376,"comment_status":"open","ping_status":"closed","template":"","meta":[],"product_brand":[],"product_cat":[9489,8840],"product_tag":[],"class_list":{"0":"post-14883","1":"product","2":"type-product","3":"status-publish","4":"has-post-thumbnail","6":"product_cat-accessoire-de-raccordement-bosch","7":"product_cat-test","8":"pa_marque-bosch","10":"first","11":"instock","12":"sale","13":"taxable","14":"shipping-taxable","15":"purchasable","16":"product-type-simple"},"aioseo_notices":[],"_links":{"self":[{"href":"https:\/\/promochaudiere.be\/nl\/wp-json\/wp\/v2\/product\/14883","targetHints":{"allow":["GET"]}}],"collection":[{"href":"https:\/\/promochaudiere.be\/nl\/wp-json\/wp\/v2\/product"}],"about":[{"href":"https:\/\/promochaudiere.be\/nl\/wp-json\/wp\/v2\/types\/product"}],"replies":[{"embeddable":true,"href":"https:\/\/promochaudiere.be\/nl\/wp-json\/wp\/v2\/comments?post=14883"}],"version-history":[{"count":1,"href":"https:\/\/promochaudiere.be\/nl\/wp-json\/wp\/v2\/product\/14883\/revisions"}],"predecessor-version":[{"id":45277,"href":"https:\/\/promochaudiere.be\/nl\/wp-json\/wp\/v2\/product\/14883\/revisions\/45277"}],"wp:featuredmedia":[{"embeddable":true,"href":"https:\/\/promochaudiere.be\/nl\/wp-json\/wp\/v2\/media\/21376"}],"wp:attachment":[{"href":"https:\/\/promochaudiere.be\/nl\/wp-json\/wp\/v2\/media?parent=14883"}],"wp:term":[{"taxonomy":"product_brand","embeddable":true,"href":"https:\/\/promochaudiere.be\/nl\/wp-json\/wp\/v2\/product_brand?post=14883"},{"taxonomy":"product_cat","embeddable":true,"href":"https:\/\/promochaudiere.be\/nl\/wp-json\/wp\/v2\/product_cat?post=14883"},{"taxonomy":"product_tag","embeddable":true,"href":"https:\/\/promochaudiere.be\/nl\/wp-json\/wp\/v2\/product_tag?post=14883"}],"curies":[{"name":"wp","href":"https:\/\/api.w.org\/{rel}","templated":true}]}}