{"id":14891,"date":"2025-01-17T09:55:27","date_gmt":"2025-01-17T09:55:27","guid":{"rendered":"https:\/\/promochaudiere.be\/produit\/vaillant-bouteille-casse-pression-wh27-306727\/"},"modified":"2026-02-03T19:40:04","modified_gmt":"2026-02-03T18:40:04","slug":"vaillant-bouteille-casse-pression-wh27-306727","status":"publish","type":"product","link":"https:\/\/promochaudiere.be\/nl\/product\/vaillant-bouteille-casse-pression-wh27-306727\/","title":{"rendered":"Vaillant Bouteille casse-pression WH27 306727"},"content":{"rendered":"<p>Cette bouteille casse-pression Vaillant assure une r\u00e9partition \u00e9quilibr\u00e9e du d\u00e9bit dans les circuits hydrauliques. Son design robuste garantit une installation fiable et performante.<\/p>","protected":false},"excerpt":{"rendered":"<p>Vaillant Bouteille casse-pression WH27 306727<\/p>","protected":false},"featured_media":22645,"comment_status":"open","ping_status":"closed","template":"","meta":[],"product_brand":[],"product_cat":[9469,8840],"product_tag":[],"class_list":{"0":"post-14891","1":"product","2":"type-product","3":"status-publish","4":"has-post-thumbnail","6":"product_cat-accessoires-chaudieres-vaillant","7":"product_cat-test","8":"pa_marque-vaillant","10":"first","11":"instock","12":"sale","13":"taxable","14":"shipping-taxable","15":"purchasable","16":"product-type-simple"},"aioseo_notices":[],"_links":{"self":[{"href":"https:\/\/promochaudiere.be\/nl\/wp-json\/wp\/v2\/product\/14891","targetHints":{"allow":["GET"]}}],"collection":[{"href":"https:\/\/promochaudiere.be\/nl\/wp-json\/wp\/v2\/product"}],"about":[{"href":"https:\/\/promochaudiere.be\/nl\/wp-json\/wp\/v2\/types\/product"}],"replies":[{"embeddable":true,"href":"https:\/\/promochaudiere.be\/nl\/wp-json\/wp\/v2\/comments?post=14891"}],"version-history":[{"count":1,"href":"https:\/\/promochaudiere.be\/nl\/wp-json\/wp\/v2\/product\/14891\/revisions"}],"predecessor-version":[{"id":52916,"href":"https:\/\/promochaudiere.be\/nl\/wp-json\/wp\/v2\/product\/14891\/revisions\/52916"}],"wp:featuredmedia":[{"embeddable":true,"href":"https:\/\/promochaudiere.be\/nl\/wp-json\/wp\/v2\/media\/22645"}],"wp:attachment":[{"href":"https:\/\/promochaudiere.be\/nl\/wp-json\/wp\/v2\/media?parent=14891"}],"wp:term":[{"taxonomy":"product_brand","embeddable":true,"href":"https:\/\/promochaudiere.be\/nl\/wp-json\/wp\/v2\/product_brand?post=14891"},{"taxonomy":"product_cat","embeddable":true,"href":"https:\/\/promochaudiere.be\/nl\/wp-json\/wp\/v2\/product_cat?post=14891"},{"taxonomy":"product_tag","embeddable":true,"href":"https:\/\/promochaudiere.be\/nl\/wp-json\/wp\/v2\/product_tag?post=14891"}],"curies":[{"name":"wp","href":"https:\/\/api.w.org\/{rel}","templated":true}]}}