{"id":14893,"date":"2025-01-17T09:55:28","date_gmt":"2025-01-17T09:55:28","guid":{"rendered":"https:\/\/promochaudiere.be\/produit\/compteur-deau-vitesse-eau-froide-flodis-5-4-sans-racc-5-4-4-4-fl025dm26000tsgr\/"},"modified":"2026-02-03T18:16:16","modified_gmt":"2026-02-03T17:16:16","slug":"compteur-deau-vitesse-eau-froide-flodis-5-4-sans-racc-5-4-4-4-fl025dm26000tsgr","status":"publish","type":"product","link":"https:\/\/promochaudiere.be\/nl\/product\/compteur-deau-vitesse-eau-froide-flodis-5-4-sans-racc-5-4-4-4-fl025dm26000tsgr\/","title":{"rendered":"Compteur d&rsquo;eau vitesse eau froide flodis 5\/4&Prime; sans racc. 5\/4&Prime;\u00a0\u00bb-4\/4&Prime;\u00a0\u00bb FL025DM26000TSGR\u00a0\u00bb"},"content":{"rendered":"<p>Le compteur d\u2019eau froide Flodis FL025DM26000TSGR permet une mesure pr\u00e9cise de la consommation d\u2019eau. Con\u00e7u pour une installation simple, il offre une lecture facile et fiable. Son m\u00e9canisme robuste garantit une longue dur\u00e9e de vie et une haute pr\u00e9cision. Un choix id\u00e9al pour un suivi efficace de la consommation d\u2019eau.<\/p>","protected":false},"excerpt":{"rendered":"<p>Compteur d&rsquo;eau vitesse eau froide flodis 5\/4&Prime; sans racc. 5\/4&Prime;\u00a0\u00bb-4\/4&Prime;\u00a0\u00bb FL025DM26000TSGR\u00a0\u00bb<\/p>","protected":false},"featured_media":21582,"comment_status":"open","ping_status":"closed","template":"","meta":[],"product_brand":[],"product_cat":[822,8840],"product_tag":[],"class_list":{"0":"post-14893","1":"product","2":"type-product","3":"status-publish","4":"has-post-thumbnail","6":"product_cat-accessoire","7":"product_cat-test","9":"first","10":"instock","11":"sale","12":"taxable","13":"shipping-taxable","14":"purchasable","15":"product-type-simple"},"aioseo_notices":[],"_links":{"self":[{"href":"https:\/\/promochaudiere.be\/nl\/wp-json\/wp\/v2\/product\/14893","targetHints":{"allow":["GET"]}}],"collection":[{"href":"https:\/\/promochaudiere.be\/nl\/wp-json\/wp\/v2\/product"}],"about":[{"href":"https:\/\/promochaudiere.be\/nl\/wp-json\/wp\/v2\/types\/product"}],"replies":[{"embeddable":true,"href":"https:\/\/promochaudiere.be\/nl\/wp-json\/wp\/v2\/comments?post=14893"}],"version-history":[{"count":1,"href":"https:\/\/promochaudiere.be\/nl\/wp-json\/wp\/v2\/product\/14893\/revisions"}],"predecessor-version":[{"id":52915,"href":"https:\/\/promochaudiere.be\/nl\/wp-json\/wp\/v2\/product\/14893\/revisions\/52915"}],"wp:featuredmedia":[{"embeddable":true,"href":"https:\/\/promochaudiere.be\/nl\/wp-json\/wp\/v2\/media\/21582"}],"wp:attachment":[{"href":"https:\/\/promochaudiere.be\/nl\/wp-json\/wp\/v2\/media?parent=14893"}],"wp:term":[{"taxonomy":"product_brand","embeddable":true,"href":"https:\/\/promochaudiere.be\/nl\/wp-json\/wp\/v2\/product_brand?post=14893"},{"taxonomy":"product_cat","embeddable":true,"href":"https:\/\/promochaudiere.be\/nl\/wp-json\/wp\/v2\/product_cat?post=14893"},{"taxonomy":"product_tag","embeddable":true,"href":"https:\/\/promochaudiere.be\/nl\/wp-json\/wp\/v2\/product_tag?post=14893"}],"curies":[{"name":"wp","href":"https:\/\/api.w.org\/{rel}","templated":true}]}}