{"id":14900,"date":"2025-01-17T09:55:31","date_gmt":"2025-01-17T09:55:31","guid":{"rendered":"https:\/\/promochaudiere.be\/produit\/vaillant-chaudiere-carte-0020092371\/"},"modified":"2026-02-03T18:16:03","modified_gmt":"2026-02-03T17:16:03","slug":"vaillant-chaudiere-carte-0020092371","status":"publish","type":"product","link":"https:\/\/promochaudiere.be\/nl\/product\/vaillant-chaudiere-carte-0020092371\/","title":{"rendered":"Vaillant chaudi\u00e8re  carte 0020092371"},"content":{"rendered":"<p>Cette carte \u00e9lectronique Vaillant est un \u00e9l\u00e9ment cl\u00e9 pour le bon fonctionnement des chaudi\u00e8res. Elle g\u00e8re l\u2019ensemble des param\u00e8tres et assure une r\u00e9gulation pr\u00e9cise du chauffage. Facile \u00e0 remplacer, elle permet d\u2019optimiser les performances du syst\u00e8me.<\/p>","protected":false},"excerpt":{"rendered":"<p>Vaillant chaudi\u00e8re  carte 0020092371<\/p>","protected":false},"featured_media":21906,"comment_status":"open","ping_status":"closed","template":"","meta":[],"product_brand":[],"product_cat":[8917,8840],"product_tag":[],"class_list":{"0":"post-14900","1":"product","2":"type-product","3":"status-publish","4":"has-post-thumbnail","6":"product_cat-pieces-detachees-vaillant","7":"product_cat-test","8":"pa_marque-vaillant","10":"first","11":"instock","12":"sale","13":"taxable","14":"shipping-taxable","15":"purchasable","16":"product-type-simple"},"aioseo_notices":[],"_links":{"self":[{"href":"https:\/\/promochaudiere.be\/nl\/wp-json\/wp\/v2\/product\/14900","targetHints":{"allow":["GET"]}}],"collection":[{"href":"https:\/\/promochaudiere.be\/nl\/wp-json\/wp\/v2\/product"}],"about":[{"href":"https:\/\/promochaudiere.be\/nl\/wp-json\/wp\/v2\/types\/product"}],"replies":[{"embeddable":true,"href":"https:\/\/promochaudiere.be\/nl\/wp-json\/wp\/v2\/comments?post=14900"}],"version-history":[{"count":1,"href":"https:\/\/promochaudiere.be\/nl\/wp-json\/wp\/v2\/product\/14900\/revisions"}],"predecessor-version":[{"id":52910,"href":"https:\/\/promochaudiere.be\/nl\/wp-json\/wp\/v2\/product\/14900\/revisions\/52910"}],"wp:featuredmedia":[{"embeddable":true,"href":"https:\/\/promochaudiere.be\/nl\/wp-json\/wp\/v2\/media\/21906"}],"wp:attachment":[{"href":"https:\/\/promochaudiere.be\/nl\/wp-json\/wp\/v2\/media?parent=14900"}],"wp:term":[{"taxonomy":"product_brand","embeddable":true,"href":"https:\/\/promochaudiere.be\/nl\/wp-json\/wp\/v2\/product_brand?post=14900"},{"taxonomy":"product_cat","embeddable":true,"href":"https:\/\/promochaudiere.be\/nl\/wp-json\/wp\/v2\/product_cat?post=14900"},{"taxonomy":"product_tag","embeddable":true,"href":"https:\/\/promochaudiere.be\/nl\/wp-json\/wp\/v2\/product_tag?post=14900"}],"curies":[{"name":"wp","href":"https:\/\/api.w.org\/{rel}","templated":true}]}}