{"id":14912,"date":"2025-01-17T09:55:36","date_gmt":"2025-01-17T09:55:36","guid":{"rendered":"https:\/\/promochaudiere.be\/produit\/grundfos-clapet-de-retenue-pvc-96023844\/"},"modified":"2026-02-03T18:15:47","modified_gmt":"2026-02-03T17:15:47","slug":"grundfos-clapet-de-retenue-pvc-96023844","status":"publish","type":"product","link":"https:\/\/promochaudiere.be\/nl\/product\/grundfos-clapet-de-retenue-pvc-96023844\/","title":{"rendered":"Grundfos Clapet de retenue PVC 96023844"},"content":{"rendered":"<p>Le clapet de retenue Grundfos en PVC est con\u00e7u pour emp\u00eacher le reflux de l\u2019eau dans les installations de pompage. Il garantit un \u00e9coulement fluide et \u00e9vite les pertes de charge inutiles. Son mat\u00e9riau en PVC robuste offre une r\u00e9sistance \u00e9lev\u00e9e \u00e0 la corrosion et aux produits chimiques. Facile \u00e0 installer, il assure une protection optimale des pompes et des circuits hydrauliques. Un composant essentiel pour s\u00e9curiser votre syst\u00e8me de pompage.<\/p>","protected":false},"excerpt":{"rendered":"<p>Grundfos Clapet de retenue PVC 96023844<\/p>","protected":false},"featured_media":21578,"comment_status":"open","ping_status":"closed","template":"","meta":[],"product_brand":[],"product_cat":[298,8840],"product_tag":[],"class_list":{"0":"post-14912","1":"product","2":"type-product","3":"status-publish","4":"has-post-thumbnail","6":"product_cat-pompe","7":"product_cat-test","8":"pa_marque-grundfos","10":"first","11":"instock","12":"sale","13":"taxable","14":"shipping-taxable","15":"purchasable","16":"product-type-simple"},"aioseo_notices":[],"_links":{"self":[{"href":"https:\/\/promochaudiere.be\/nl\/wp-json\/wp\/v2\/product\/14912","targetHints":{"allow":["GET"]}}],"collection":[{"href":"https:\/\/promochaudiere.be\/nl\/wp-json\/wp\/v2\/product"}],"about":[{"href":"https:\/\/promochaudiere.be\/nl\/wp-json\/wp\/v2\/types\/product"}],"replies":[{"embeddable":true,"href":"https:\/\/promochaudiere.be\/nl\/wp-json\/wp\/v2\/comments?post=14912"}],"version-history":[{"count":1,"href":"https:\/\/promochaudiere.be\/nl\/wp-json\/wp\/v2\/product\/14912\/revisions"}],"predecessor-version":[{"id":45255,"href":"https:\/\/promochaudiere.be\/nl\/wp-json\/wp\/v2\/product\/14912\/revisions\/45255"}],"wp:featuredmedia":[{"embeddable":true,"href":"https:\/\/promochaudiere.be\/nl\/wp-json\/wp\/v2\/media\/21578"}],"wp:attachment":[{"href":"https:\/\/promochaudiere.be\/nl\/wp-json\/wp\/v2\/media?parent=14912"}],"wp:term":[{"taxonomy":"product_brand","embeddable":true,"href":"https:\/\/promochaudiere.be\/nl\/wp-json\/wp\/v2\/product_brand?post=14912"},{"taxonomy":"product_cat","embeddable":true,"href":"https:\/\/promochaudiere.be\/nl\/wp-json\/wp\/v2\/product_cat?post=14912"},{"taxonomy":"product_tag","embeddable":true,"href":"https:\/\/promochaudiere.be\/nl\/wp-json\/wp\/v2\/product_tag?post=14912"}],"curies":[{"name":"wp","href":"https:\/\/api.w.org\/{rel}","templated":true}]}}