{"id":14919,"date":"2025-01-17T09:55:38","date_gmt":"2025-01-17T09:55:38","guid":{"rendered":"https:\/\/promochaudiere.be\/produit\/duco-unite-de-ventilation-c-ducobox-reno-00004922\/"},"modified":"2026-02-03T18:15:56","modified_gmt":"2026-02-03T17:15:56","slug":"duco-unite-de-ventilation-c-ducobox-reno-00004922","status":"publish","type":"product","link":"https:\/\/promochaudiere.be\/nl\/product\/duco-unite-de-ventilation-c-ducobox-reno-00004922\/","title":{"rendered":"Duco unit\u00e9 de ventilation C Ducobox Reno 00004922"},"content":{"rendered":"<p>Cette unit\u00e9 de ventilation assure un renouvellement constant de l\u2019air int\u00e9rieur. Son fonctionnement performant am\u00e9liore la qualit\u00e9 de l\u2019air en r\u00e9duisant l\u2019humidit\u00e9 et les polluants. Facile \u00e0 installer, elle s\u2019adapte aux syst\u00e8mes existants pour une ventilation optimale. Son moteur silencieux garantit un confort acoustique id\u00e9al. Elle est con\u00e7ue pour une consommation \u00e9nerg\u00e9tique r\u00e9duite. Une solution efficace pour une maison saine et bien ventil\u00e9e.<\/p>","protected":false},"excerpt":{"rendered":"<p>Duco unit\u00e9 de ventilation C Ducobox Reno 00004922<\/p>","protected":false},"featured_media":22547,"comment_status":"open","ping_status":"closed","template":"","meta":[],"product_brand":[],"product_cat":[8840,10882],"product_tag":[],"class_list":{"0":"post-14919","1":"product","2":"type-product","3":"status-publish","4":"has-post-thumbnail","6":"product_cat-test","7":"product_cat-unite-type-c-duco","8":"pa_marque-duco","10":"first","11":"instock","12":"sale","13":"taxable","14":"shipping-taxable","15":"purchasable","16":"product-type-simple"},"aioseo_notices":[],"_links":{"self":[{"href":"https:\/\/promochaudiere.be\/nl\/wp-json\/wp\/v2\/product\/14919","targetHints":{"allow":["GET"]}}],"collection":[{"href":"https:\/\/promochaudiere.be\/nl\/wp-json\/wp\/v2\/product"}],"about":[{"href":"https:\/\/promochaudiere.be\/nl\/wp-json\/wp\/v2\/types\/product"}],"replies":[{"embeddable":true,"href":"https:\/\/promochaudiere.be\/nl\/wp-json\/wp\/v2\/comments?post=14919"}],"version-history":[{"count":1,"href":"https:\/\/promochaudiere.be\/nl\/wp-json\/wp\/v2\/product\/14919\/revisions"}],"predecessor-version":[{"id":45250,"href":"https:\/\/promochaudiere.be\/nl\/wp-json\/wp\/v2\/product\/14919\/revisions\/45250"}],"wp:featuredmedia":[{"embeddable":true,"href":"https:\/\/promochaudiere.be\/nl\/wp-json\/wp\/v2\/media\/22547"}],"wp:attachment":[{"href":"https:\/\/promochaudiere.be\/nl\/wp-json\/wp\/v2\/media?parent=14919"}],"wp:term":[{"taxonomy":"product_brand","embeddable":true,"href":"https:\/\/promochaudiere.be\/nl\/wp-json\/wp\/v2\/product_brand?post=14919"},{"taxonomy":"product_cat","embeddable":true,"href":"https:\/\/promochaudiere.be\/nl\/wp-json\/wp\/v2\/product_cat?post=14919"},{"taxonomy":"product_tag","embeddable":true,"href":"https:\/\/promochaudiere.be\/nl\/wp-json\/wp\/v2\/product_tag?post=14919"}],"curies":[{"name":"wp","href":"https:\/\/api.w.org\/{rel}","templated":true}]}}