{"id":14922,"date":"2025-01-17T09:55:39","date_gmt":"2025-01-17T09:55:39","guid":{"rendered":"https:\/\/promochaudiere.be\/produit\/zehnder-module-connect-option-box-471502007\/"},"modified":"2026-02-03T18:15:56","modified_gmt":"2026-02-03T17:15:56","slug":"zehnder-module-connect-option-box-471502007","status":"publish","type":"product","link":"https:\/\/promochaudiere.be\/nl\/product\/zehnder-module-connect-option-box-471502007\/","title":{"rendered":"Zehnder Module connect option box 471502007"},"content":{"rendered":"<p>Ce module de connexion Zehnder permet d\u2019int\u00e9grer les syst\u00e8mes de ventilation aux solutions domotiques. Il assure une communication fluide et un contr\u00f4le \u00e0 distance des unit\u00e9s ComfoAir. Facile \u00e0 poser, il am\u00e9liore la flexibilit\u00e9 et la gestion \u00e9nerg\u00e9tique. Id\u00e9al pour une maison connect\u00e9e et intelligente. Un composant cl\u00e9 pour une r\u00e9gulation avanc\u00e9e du confort int\u00e9rieur.<\/p>","protected":false},"excerpt":{"rendered":"<p>Zehnder Module connect option box 471502007<\/p>","protected":false},"featured_media":22246,"comment_status":"open","ping_status":"closed","template":"","meta":[],"product_brand":[],"product_cat":[10895,8840],"product_tag":[],"class_list":{"0":"post-14922","1":"product","2":"type-product","3":"status-publish","4":"has-post-thumbnail","6":"product_cat-accessoires-zehnder","7":"product_cat-test","8":"pa_marque-zehnder","10":"first","11":"instock","12":"sale","13":"taxable","14":"shipping-taxable","15":"purchasable","16":"product-type-simple"},"aioseo_notices":[],"_links":{"self":[{"href":"https:\/\/promochaudiere.be\/nl\/wp-json\/wp\/v2\/product\/14922","targetHints":{"allow":["GET"]}}],"collection":[{"href":"https:\/\/promochaudiere.be\/nl\/wp-json\/wp\/v2\/product"}],"about":[{"href":"https:\/\/promochaudiere.be\/nl\/wp-json\/wp\/v2\/types\/product"}],"replies":[{"embeddable":true,"href":"https:\/\/promochaudiere.be\/nl\/wp-json\/wp\/v2\/comments?post=14922"}],"version-history":[{"count":1,"href":"https:\/\/promochaudiere.be\/nl\/wp-json\/wp\/v2\/product\/14922\/revisions"}],"predecessor-version":[{"id":52908,"href":"https:\/\/promochaudiere.be\/nl\/wp-json\/wp\/v2\/product\/14922\/revisions\/52908"}],"wp:featuredmedia":[{"embeddable":true,"href":"https:\/\/promochaudiere.be\/nl\/wp-json\/wp\/v2\/media\/22246"}],"wp:attachment":[{"href":"https:\/\/promochaudiere.be\/nl\/wp-json\/wp\/v2\/media?parent=14922"}],"wp:term":[{"taxonomy":"product_brand","embeddable":true,"href":"https:\/\/promochaudiere.be\/nl\/wp-json\/wp\/v2\/product_brand?post=14922"},{"taxonomy":"product_cat","embeddable":true,"href":"https:\/\/promochaudiere.be\/nl\/wp-json\/wp\/v2\/product_cat?post=14922"},{"taxonomy":"product_tag","embeddable":true,"href":"https:\/\/promochaudiere.be\/nl\/wp-json\/wp\/v2\/product_tag?post=14922"}],"curies":[{"name":"wp","href":"https:\/\/api.w.org\/{rel}","templated":true}]}}