{"id":14941,"date":"2025-01-17T09:55:47","date_gmt":"2025-01-17T09:55:47","guid":{"rendered":"https:\/\/promochaudiere.be\/produit\/meibes-segment-de-distribution-ouvert-pour-21-circuits-de-chauffage-m6630122\/"},"modified":"2026-02-03T18:16:00","modified_gmt":"2026-02-03T17:16:00","slug":"meibes-segment-de-distribution-ouvert-pour-21-circuits-de-chauffage-m6630122","status":"publish","type":"product","link":"https:\/\/promochaudiere.be\/nl\/product\/meibes-segment-de-distribution-ouvert-pour-21-circuits-de-chauffage-m6630122\/","title":{"rendered":"MEIBES SEGMENT DE DISTRIBUTION OUVERT POUR 2+1 CIRCUITS DE CHAUFFAGE M6630122"},"content":{"rendered":"<p>Ce segment de distribution Meibes est con\u00e7u pour r\u00e9guler la circulation des fluides dans un r\u00e9seau de chauffage. Son format 2+1 circuits assure une distribution homog\u00e8ne et efficace. Fabriqu\u00e9 en mat\u00e9riau r\u00e9sistant, il garantit une excellente \u00e9tanch\u00e9it\u00e9 et une durabilit\u00e9 accrue. Facile \u00e0 poser, il optimise le rendement thermique des installations. Id\u00e9al pour les circuits de chauffage n\u00e9cessitant une gestion pr\u00e9cise. Un \u00e9l\u00e9ment cl\u00e9 pour une installation bien \u00e9quilibr\u00e9e.<\/p>","protected":false},"excerpt":{"rendered":"<p>MEIBES SEGMENT DE DISTRIBUTION OUVERT POUR 2+1 CIRCUITS DE CHAUFFAGE M6630122<\/p>","protected":false},"featured_media":22330,"comment_status":"open","ping_status":"closed","template":"","meta":[],"product_brand":[],"product_cat":[5541,8840],"product_tag":[],"class_list":{"0":"post-14941","1":"product","2":"type-product","3":"status-publish","4":"has-post-thumbnail","6":"product_cat-groupe-de-pompe","7":"product_cat-test","8":"pa_marque-meibes","10":"first","11":"instock","12":"sale","13":"taxable","14":"shipping-taxable","15":"purchasable","16":"product-type-simple"},"aioseo_notices":[],"_links":{"self":[{"href":"https:\/\/promochaudiere.be\/nl\/wp-json\/wp\/v2\/product\/14941","targetHints":{"allow":["GET"]}}],"collection":[{"href":"https:\/\/promochaudiere.be\/nl\/wp-json\/wp\/v2\/product"}],"about":[{"href":"https:\/\/promochaudiere.be\/nl\/wp-json\/wp\/v2\/types\/product"}],"replies":[{"embeddable":true,"href":"https:\/\/promochaudiere.be\/nl\/wp-json\/wp\/v2\/comments?post=14941"}],"version-history":[{"count":1,"href":"https:\/\/promochaudiere.be\/nl\/wp-json\/wp\/v2\/product\/14941\/revisions"}],"predecessor-version":[{"id":45233,"href":"https:\/\/promochaudiere.be\/nl\/wp-json\/wp\/v2\/product\/14941\/revisions\/45233"}],"wp:featuredmedia":[{"embeddable":true,"href":"https:\/\/promochaudiere.be\/nl\/wp-json\/wp\/v2\/media\/22330"}],"wp:attachment":[{"href":"https:\/\/promochaudiere.be\/nl\/wp-json\/wp\/v2\/media?parent=14941"}],"wp:term":[{"taxonomy":"product_brand","embeddable":true,"href":"https:\/\/promochaudiere.be\/nl\/wp-json\/wp\/v2\/product_brand?post=14941"},{"taxonomy":"product_cat","embeddable":true,"href":"https:\/\/promochaudiere.be\/nl\/wp-json\/wp\/v2\/product_cat?post=14941"},{"taxonomy":"product_tag","embeddable":true,"href":"https:\/\/promochaudiere.be\/nl\/wp-json\/wp\/v2\/product_tag?post=14941"}],"curies":[{"name":"wp","href":"https:\/\/api.w.org\/{rel}","templated":true}]}}